{"id":1072,"date":"2025-09-08T11:46:40","date_gmt":"2025-09-08T09:46:40","guid":{"rendered":"https:\/\/www.msbudovatelu.cz\/?page_id=1072"},"modified":"2025-09-08T11:51:31","modified_gmt":"2025-09-08T09:51:31","slug":"vyrocni-zpravy","status":"publish","type":"page","link":"https:\/\/www.msbudovatelu.cz\/index.php\/vyrocni-zpravy\/","title":{"rendered":"V\u00fdro\u010dn\u00ed zpr\u00e1vy"},"content":{"rendered":"\n<h2>V\u00fdro\u010dn\u00ed zpr\u00e1vy:<\/h2>\n\n\n\n<hr class=\"wp-block-separator is-style-wide\"\/>\n\n\n\n<div class=\"wp-block-columns are-vertically-aligned-center\">\n<div class=\"wp-block-column is-vertically-aligned-center\">\n<h3 class=\"has-text-align-center\">V\u00fdro\u010dn\u00ed zpr\u00e1va za rok 2024-2025<\/h3>\n<\/div>\n\n\n\n<div class=\"wp-block-column\">\n<hr class=\"wp-block-separator has-text-color has-background has-black-background-color has-black-color is-style-dots\"\/>\n<\/div>\n\n\n\n<div class=\"wp-block-column is-vertically-aligned-center\">\n<p class=\"has-text-align-center has-medium-font-size\"><strong><a href=\"http:\/\/www.msbudovatelu.cz\/wp-content\/uploads\/2025\/09\/VYROCNI-ZPRAVA-MS-Budovatelu-2024-2025.pdf\" target=\"_blank\" rel=\"noreferrer noopener\">V\u00fdro\u010dn\u00ed zpr\u00e1va 24-25<\/a><\/strong><\/p>\n<\/div>\n<\/div>\n\n\n\n<p><\/p>\n","protected":false},"excerpt":{"rendered":"<p>V\u00fdro\u010dn\u00ed zpr\u00e1vy: V\u00fdro\u010dn\u00ed zpr\u00e1va za rok 2024-2025 V\u00fdro\u010dn\u00ed zpr\u00e1va 24-25<\/p>\n","protected":false},"author":1,"featured_media":0,"parent":0,"menu_order":0,"comment_status":"closed","ping_status":"closed","template":"","meta":[],"yoast_head":"<!-- This site is optimized with the Yoast SEO plugin v19.4 - https:\/\/yoast.com\/wordpress\/plugins\/seo\/ -->\n<title>V\u00fdro\u010dn\u00ed zpr\u00e1vy - msbudovatelu.cz<\/title>\n<meta name=\"description\" content=\"Mate\u0159sk\u00e1 \u0161kola budovatel\u016f bude nov\u011b vyd\u00e1vat ka\u017edoro\u010dn\u011b v\u00fdro\u010dn\u00ed zpr\u00e1vy o chodu a fungov\u00e1n\u00ed \u0161koly v dan\u00e9m roce. Nalezete je zde.\" \/>\n<meta name=\"robots\" content=\"index, follow, max-snippet:-1, max-image-preview:large, max-video-preview:-1\" \/>\n<link rel=\"canonical\" href=\"https:\/\/www.msbudovatelu.cz\/index.php\/vyrocni-zpravy\/\" \/>\n<meta property=\"og:locale\" content=\"cs_CZ\" \/>\n<meta property=\"og:type\" content=\"article\" \/>\n<meta property=\"og:title\" content=\"V\u00fdro\u010dn\u00ed zpr\u00e1vy - msbudovatelu.cz\" \/>\n<meta property=\"og:description\" content=\"Mate\u0159sk\u00e1 \u0161kola budovatel\u016f bude nov\u011b vyd\u00e1vat ka\u017edoro\u010dn\u011b v\u00fdro\u010dn\u00ed zpr\u00e1vy o chodu a fungov\u00e1n\u00ed \u0161koly v dan\u00e9m roce. Nalezete je zde.\" \/>\n<meta property=\"og:url\" content=\"https:\/\/www.msbudovatelu.cz\/index.php\/vyrocni-zpravy\/\" \/>\n<meta property=\"og:site_name\" content=\"msbudovatelu.cz\" \/>\n<meta property=\"article:publisher\" content=\"https:\/\/www.facebook.com\/MS.Budovatelu\" \/>\n<meta property=\"article:modified_time\" content=\"2025-09-08T09:51:31+00:00\" \/>\n<meta property=\"og:image\" content=\"https:\/\/www.msbudovatelu.cz\/wp-content\/uploads\/2021\/08\/logoMSBudovatelu.png\" \/>\n\t<meta property=\"og:image:width\" content=\"940\" \/>\n\t<meta property=\"og:image:height\" content=\"941\" \/>\n\t<meta property=\"og:image:type\" content=\"image\/png\" \/>\n<meta name=\"twitter:card\" content=\"summary_large_image\" \/>\n<script type=\"application\/ld+json\" class=\"yoast-schema-graph\">{\"@context\":\"https:\/\/schema.org\",\"@graph\":[{\"@type\":\"Organization\",\"@id\":\"https:\/\/www.msbudovatelu.cz\/#organization\",\"name\":\"Mate\u0159sk\u00e1 \u0161kola Budovatel\u016f Hlinsko\",\"url\":\"https:\/\/www.msbudovatelu.cz\/\",\"sameAs\":[\"https:\/\/www.facebook.com\/MS.Budovatelu\"],\"logo\":{\"@type\":\"ImageObject\",\"inLanguage\":\"cs\",\"@id\":\"https:\/\/www.msbudovatelu.cz\/#\/schema\/logo\/image\/\",\"url\":\"https:\/\/www.msbudovatelu.cz\/wp-content\/uploads\/2021\/08\/logoMSBudovatelu.png\",\"contentUrl\":\"https:\/\/www.msbudovatelu.cz\/wp-content\/uploads\/2021\/08\/logoMSBudovatelu.png\",\"width\":940,\"height\":941,\"caption\":\"Mate\u0159sk\u00e1 \u0161kola Budovatel\u016f Hlinsko\"},\"image\":{\"@id\":\"https:\/\/www.msbudovatelu.cz\/#\/schema\/logo\/image\/\"}},{\"@type\":\"WebSite\",\"@id\":\"https:\/\/www.msbudovatelu.cz\/#website\",\"url\":\"https:\/\/www.msbudovatelu.cz\/\",\"name\":\"msbudovatelu.cz\",\"description\":\"Web mate\u0159sk\u00e9 \u0161koly budovatel\u016f v Hlinsku\",\"publisher\":{\"@id\":\"https:\/\/www.msbudovatelu.cz\/#organization\"},\"potentialAction\":[{\"@type\":\"SearchAction\",\"target\":{\"@type\":\"EntryPoint\",\"urlTemplate\":\"https:\/\/www.msbudovatelu.cz\/?s={search_term_string}\"},\"query-input\":\"required name=search_term_string\"}],\"inLanguage\":\"cs\"},{\"@type\":\"WebPage\",\"@id\":\"https:\/\/www.msbudovatelu.cz\/index.php\/vyrocni-zpravy\/\",\"url\":\"https:\/\/www.msbudovatelu.cz\/index.php\/vyrocni-zpravy\/\",\"name\":\"V\u00fdro\u010dn\u00ed zpr\u00e1vy - msbudovatelu.cz\",\"isPartOf\":{\"@id\":\"https:\/\/www.msbudovatelu.cz\/#website\"},\"datePublished\":\"2025-09-08T09:46:40+00:00\",\"dateModified\":\"2025-09-08T09:51:31+00:00\",\"description\":\"Mate\u0159sk\u00e1 \u0161kola budovatel\u016f bude nov\u011b vyd\u00e1vat ka\u017edoro\u010dn\u011b v\u00fdro\u010dn\u00ed zpr\u00e1vy o chodu a fungov\u00e1n\u00ed \u0161koly v dan\u00e9m roce. Nalezete je zde.\",\"breadcrumb\":{\"@id\":\"https:\/\/www.msbudovatelu.cz\/index.php\/vyrocni-zpravy\/#breadcrumb\"},\"inLanguage\":\"cs\",\"potentialAction\":[{\"@type\":\"ReadAction\",\"target\":[\"https:\/\/www.msbudovatelu.cz\/index.php\/vyrocni-zpravy\/\"]}]},{\"@type\":\"BreadcrumbList\",\"@id\":\"https:\/\/www.msbudovatelu.cz\/index.php\/vyrocni-zpravy\/#breadcrumb\",\"itemListElement\":[{\"@type\":\"ListItem\",\"position\":1,\"name\":\"Dom\u016f\",\"item\":\"https:\/\/www.msbudovatelu.cz\/\"},{\"@type\":\"ListItem\",\"position\":2,\"name\":\"V\u00fdro\u010dn\u00ed zpr\u00e1vy\"}]}]}<\/script>\n<!-- \/ Yoast SEO plugin. -->","yoast_head_json":{"title":"V\u00fdro\u010dn\u00ed zpr\u00e1vy - msbudovatelu.cz","description":"Mate\u0159sk\u00e1 \u0161kola budovatel\u016f bude nov\u011b vyd\u00e1vat ka\u017edoro\u010dn\u011b v\u00fdro\u010dn\u00ed zpr\u00e1vy o chodu a fungov\u00e1n\u00ed \u0161koly v dan\u00e9m roce. Nalezete je zde.","robots":{"index":"index","follow":"follow","max-snippet":"max-snippet:-1","max-image-preview":"max-image-preview:large","max-video-preview":"max-video-preview:-1"},"canonical":"https:\/\/www.msbudovatelu.cz\/index.php\/vyrocni-zpravy\/","og_locale":"cs_CZ","og_type":"article","og_title":"V\u00fdro\u010dn\u00ed zpr\u00e1vy - msbudovatelu.cz","og_description":"Mate\u0159sk\u00e1 \u0161kola budovatel\u016f bude nov\u011b vyd\u00e1vat ka\u017edoro\u010dn\u011b v\u00fdro\u010dn\u00ed zpr\u00e1vy o chodu a fungov\u00e1n\u00ed \u0161koly v dan\u00e9m roce. Nalezete je zde.","og_url":"https:\/\/www.msbudovatelu.cz\/index.php\/vyrocni-zpravy\/","og_site_name":"msbudovatelu.cz","article_publisher":"https:\/\/www.facebook.com\/MS.Budovatelu","article_modified_time":"2025-09-08T09:51:31+00:00","og_image":[{"width":940,"height":941,"url":"https:\/\/www.msbudovatelu.cz\/wp-content\/uploads\/2021\/08\/logoMSBudovatelu.png","type":"image\/png"}],"twitter_card":"summary_large_image","schema":{"@context":"https:\/\/schema.org","@graph":[{"@type":"Organization","@id":"https:\/\/www.msbudovatelu.cz\/#organization","name":"Mate\u0159sk\u00e1 \u0161kola Budovatel\u016f Hlinsko","url":"https:\/\/www.msbudovatelu.cz\/","sameAs":["https:\/\/www.facebook.com\/MS.Budovatelu"],"logo":{"@type":"ImageObject","inLanguage":"cs","@id":"https:\/\/www.msbudovatelu.cz\/#\/schema\/logo\/image\/","url":"https:\/\/www.msbudovatelu.cz\/wp-content\/uploads\/2021\/08\/logoMSBudovatelu.png","contentUrl":"https:\/\/www.msbudovatelu.cz\/wp-content\/uploads\/2021\/08\/logoMSBudovatelu.png","width":940,"height":941,"caption":"Mate\u0159sk\u00e1 \u0161kola Budovatel\u016f Hlinsko"},"image":{"@id":"https:\/\/www.msbudovatelu.cz\/#\/schema\/logo\/image\/"}},{"@type":"WebSite","@id":"https:\/\/www.msbudovatelu.cz\/#website","url":"https:\/\/www.msbudovatelu.cz\/","name":"msbudovatelu.cz","description":"Web mate\u0159sk\u00e9 \u0161koly budovatel\u016f v Hlinsku","publisher":{"@id":"https:\/\/www.msbudovatelu.cz\/#organization"},"potentialAction":[{"@type":"SearchAction","target":{"@type":"EntryPoint","urlTemplate":"https:\/\/www.msbudovatelu.cz\/?s={search_term_string}"},"query-input":"required name=search_term_string"}],"inLanguage":"cs"},{"@type":"WebPage","@id":"https:\/\/www.msbudovatelu.cz\/index.php\/vyrocni-zpravy\/","url":"https:\/\/www.msbudovatelu.cz\/index.php\/vyrocni-zpravy\/","name":"V\u00fdro\u010dn\u00ed zpr\u00e1vy - msbudovatelu.cz","isPartOf":{"@id":"https:\/\/www.msbudovatelu.cz\/#website"},"datePublished":"2025-09-08T09:46:40+00:00","dateModified":"2025-09-08T09:51:31+00:00","description":"Mate\u0159sk\u00e1 \u0161kola budovatel\u016f bude nov\u011b vyd\u00e1vat ka\u017edoro\u010dn\u011b v\u00fdro\u010dn\u00ed zpr\u00e1vy o chodu a fungov\u00e1n\u00ed \u0161koly v dan\u00e9m roce. Nalezete je zde.","breadcrumb":{"@id":"https:\/\/www.msbudovatelu.cz\/index.php\/vyrocni-zpravy\/#breadcrumb"},"inLanguage":"cs","potentialAction":[{"@type":"ReadAction","target":["https:\/\/www.msbudovatelu.cz\/index.php\/vyrocni-zpravy\/"]}]},{"@type":"BreadcrumbList","@id":"https:\/\/www.msbudovatelu.cz\/index.php\/vyrocni-zpravy\/#breadcrumb","itemListElement":[{"@type":"ListItem","position":1,"name":"Dom\u016f","item":"https:\/\/www.msbudovatelu.cz\/"},{"@type":"ListItem","position":2,"name":"V\u00fdro\u010dn\u00ed zpr\u00e1vy"}]}]}},"_links":{"self":[{"href":"https:\/\/www.msbudovatelu.cz\/index.php\/wp-json\/wp\/v2\/pages\/1072"}],"collection":[{"href":"https:\/\/www.msbudovatelu.cz\/index.php\/wp-json\/wp\/v2\/pages"}],"about":[{"href":"https:\/\/www.msbudovatelu.cz\/index.php\/wp-json\/wp\/v2\/types\/page"}],"author":[{"embeddable":true,"href":"https:\/\/www.msbudovatelu.cz\/index.php\/wp-json\/wp\/v2\/users\/1"}],"replies":[{"embeddable":true,"href":"https:\/\/www.msbudovatelu.cz\/index.php\/wp-json\/wp\/v2\/comments?post=1072"}],"version-history":[{"count":3,"href":"https:\/\/www.msbudovatelu.cz\/index.php\/wp-json\/wp\/v2\/pages\/1072\/revisions"}],"predecessor-version":[{"id":1080,"href":"https:\/\/www.msbudovatelu.cz\/index.php\/wp-json\/wp\/v2\/pages\/1072\/revisions\/1080"}],"wp:attachment":[{"href":"https:\/\/www.msbudovatelu.cz\/index.php\/wp-json\/wp\/v2\/media?parent=1072"}],"curies":[{"name":"wp","href":"https:\/\/api.w.org\/{rel}","templated":true}]}}