{"id":108,"date":"2021-09-02T22:20:19","date_gmt":"2021-09-02T20:20:19","guid":{"rendered":"https:\/\/www.msbudovatelu.cz\/?page_id=108"},"modified":"2025-06-17T11:11:49","modified_gmt":"2025-06-17T09:11:49","slug":"skolne","status":"publish","type":"page","link":"https:\/\/www.msbudovatelu.cz\/index.php\/skolne\/","title":{"rendered":"\u0160koln\u00e9"},"content":{"rendered":"\n<h1>\u0160koln\u00e9<\/h1>\n\n\n\n<p><\/p>\n\n\n\n<p>V\u00e1\u017een\u00ed rodi\u010de!<\/p>\n\n\n\n<p><u><strong>\u00daplata za p\u0159ed\u0161koln\u00ed vzd\u011bl\u00e1v\u00e1n\u00ed<\/strong> (d\u0159\u00edve \u0161koln\u00e9) je stanovena z\u0159izovatelem<\/u>. S rozhodnut\u00edm Rady m\u011bsta konan\u00e9 dne 16.6.2025 byla s \u00fa\u010dinnost\u00ed od 1.9.2025 \u00faplata stanovena na<strong> <u>K\u010d 500,&#8211;\/m\u011bs\u00edc<\/u><\/strong>. Plat\u00ed se spolu se stravn\u00fdm pod ur\u010den\u00fdm variabiln\u00edm symbolem. Je stanoveno dle vyhl\u00e1\u0161ky \u010d. 14\/2005 ze dne 29.12.2004 o p\u0159ed\u0161koln\u00edm vzd\u011bl\u00e1v\u00e1n\u00ed ve zn\u011bn\u00ed pozd. p\u0159edpis\u016f.   <\/p>\n\n\n\n<p>Pokud z\u00e1konn\u00fd z\u00e1stupce d\u00edt\u011bte pob\u00edr\u00e1 d\u00e1vky v&nbsp;hmotn\u00e9 nouzi, p\u011bstounsk\u00e9 p\u00e9\u010de nebo p\u0159\u00eddavky na d\u00edt\u011b,  a prok\u00e1\u017ee tuto skute\u010dnost potvrzen\u00edm (origin\u00e1lu) \u0159editelce \u0161koly, bude od \u00faplaty \u0161koln\u00e9ho osvobozen. <\/p>\n\n\n\n<p>P\u0159ed\u0161koln\u00ed d\u011bti \u0161koln\u00e9 neplat\u00ed a\u017e do doby \u0161koln\u00ed doch\u00e1zky.<\/p>\n\n\n\n<p>\u0160koln\u00e9 nelze prominout a za neplacen\u00ed \u0161koln\u00e9ho je mo\u017en\u00e9 d\u00edt\u011b z M\u0160 vylou\u010dit.  <\/p>\n\n\n\n<p><strong>Stravn\u00e9 i \u0161koln\u00e9<\/strong> se plat\u00ed trval\u00fdm p\u0159\u00edkazem z&nbsp;Va\u0161eho \u00fa\u010dtu na <strong>\u00fa\u010det M\u0160, veden\u00fd u KB,<\/strong><\/p>\n\n\n\n<p><strong>\u010d<u>. \u00fa. 78-8130420237\/0100<\/u> koncem m\u011bs\u00edce na p\u0159\u00ed\u0161t\u00ed m\u011bs\u00edc (<u>v srpnu na z\u00e1\u0159\u00ed<\/u>).<\/strong><\/p>\n\n\n\n<p><\/p>\n\n\n\n<p>D\u011bkujeme!!!!<\/p>\n\n\n\n<p>Mgr. Lenka Hor\u00e1kov\u00e1, DiS.<\/p>\n\n\n\n<p>\u0158editelka M\u0160<\/p>\n\n\n\n<p class=\"has-medium-font-size\"><\/p>\n","protected":false},"excerpt":{"rendered":"<p>\u0160koln\u00e9 V\u00e1\u017een\u00ed rodi\u010de! \u00daplata za p\u0159ed\u0161koln\u00ed vzd\u011bl\u00e1v\u00e1n\u00ed (d\u0159\u00edve \u0161koln\u00e9) je stanovena z\u0159izovatelem. S rozhodnut\u00edm Rady m\u011bsta konan\u00e9 dne 16.6.2025 byla s \u00fa\u010dinnost\u00ed od 1.9.2025 \u00faplata stanovena na K\u010d 500,&#8211;\/m\u011bs\u00edc. Plat\u00ed se spolu se stravn\u00fdm pod ur\u010den\u00fdm variabiln\u00edm symbolem. Je stanoveno dle vyhl\u00e1\u0161ky \u010d. 14\/2005 ze dne 29.12.2004 o p\u0159ed\u0161koln\u00edm vzd\u011bl\u00e1v\u00e1n\u00ed ve zn\u011bn\u00ed pozd. p\u0159edpis\u016f. Pokud [&hellip;]<\/p>\n","protected":false},"author":1,"featured_media":0,"parent":0,"menu_order":0,"comment_status":"closed","ping_status":"closed","template":"","meta":[],"yoast_head":"<!-- This site is optimized with the Yoast SEO plugin v19.4 - https:\/\/yoast.com\/wordpress\/plugins\/seo\/ -->\n<title>\u0160koln\u00e9 - msbudovatelu.cz<\/title>\n<meta name=\"robots\" content=\"index, follow, max-snippet:-1, max-image-preview:large, max-video-preview:-1\" \/>\n<link rel=\"canonical\" href=\"https:\/\/www.msbudovatelu.cz\/index.php\/skolne\/\" \/>\n<meta property=\"og:locale\" content=\"cs_CZ\" \/>\n<meta property=\"og:type\" content=\"article\" \/>\n<meta property=\"og:title\" content=\"\u0160koln\u00e9 - msbudovatelu.cz\" \/>\n<meta property=\"og:description\" content=\"\u0160koln\u00e9 V\u00e1\u017een\u00ed rodi\u010de! \u00daplata za p\u0159ed\u0161koln\u00ed vzd\u011bl\u00e1v\u00e1n\u00ed (d\u0159\u00edve \u0161koln\u00e9) je stanovena z\u0159izovatelem. S rozhodnut\u00edm Rady m\u011bsta konan\u00e9 dne 16.6.2025 byla s \u00fa\u010dinnost\u00ed od 1.9.2025 \u00faplata stanovena na K\u010d 500,&#8211;\/m\u011bs\u00edc. Plat\u00ed se spolu se stravn\u00fdm pod ur\u010den\u00fdm variabiln\u00edm symbolem. Je stanoveno dle vyhl\u00e1\u0161ky \u010d. 14\/2005 ze dne 29.12.2004 o p\u0159ed\u0161koln\u00edm vzd\u011bl\u00e1v\u00e1n\u00ed ve zn\u011bn\u00ed pozd. p\u0159edpis\u016f. Pokud [&hellip;]\" \/>\n<meta property=\"og:url\" content=\"https:\/\/www.msbudovatelu.cz\/index.php\/skolne\/\" \/>\n<meta property=\"og:site_name\" content=\"msbudovatelu.cz\" \/>\n<meta property=\"article:publisher\" content=\"https:\/\/www.facebook.com\/MS.Budovatelu\" \/>\n<meta property=\"article:modified_time\" content=\"2025-06-17T09:11:49+00:00\" \/>\n<meta property=\"og:image\" content=\"https:\/\/www.msbudovatelu.cz\/wp-content\/uploads\/2021\/08\/logoMSBudovatelu.png\" \/>\n\t<meta property=\"og:image:width\" content=\"940\" \/>\n\t<meta property=\"og:image:height\" content=\"941\" \/>\n\t<meta property=\"og:image:type\" content=\"image\/png\" \/>\n<meta name=\"twitter:card\" content=\"summary_large_image\" \/>\n<meta name=\"twitter:label1\" content=\"Odhadovan\u00e1 doba \u010dten\u00ed\" \/>\n\t<meta name=\"twitter:data1\" content=\"1 minuta\" \/>\n<script type=\"application\/ld+json\" class=\"yoast-schema-graph\">{\"@context\":\"https:\/\/schema.org\",\"@graph\":[{\"@type\":\"Organization\",\"@id\":\"https:\/\/www.msbudovatelu.cz\/#organization\",\"name\":\"Mate\u0159sk\u00e1 \u0161kola Budovatel\u016f Hlinsko\",\"url\":\"https:\/\/www.msbudovatelu.cz\/\",\"sameAs\":[\"https:\/\/www.facebook.com\/MS.Budovatelu\"],\"logo\":{\"@type\":\"ImageObject\",\"inLanguage\":\"cs\",\"@id\":\"https:\/\/www.msbudovatelu.cz\/#\/schema\/logo\/image\/\",\"url\":\"https:\/\/www.msbudovatelu.cz\/wp-content\/uploads\/2021\/08\/logoMSBudovatelu.png\",\"contentUrl\":\"https:\/\/www.msbudovatelu.cz\/wp-content\/uploads\/2021\/08\/logoMSBudovatelu.png\",\"width\":940,\"height\":941,\"caption\":\"Mate\u0159sk\u00e1 \u0161kola Budovatel\u016f Hlinsko\"},\"image\":{\"@id\":\"https:\/\/www.msbudovatelu.cz\/#\/schema\/logo\/image\/\"}},{\"@type\":\"WebSite\",\"@id\":\"https:\/\/www.msbudovatelu.cz\/#website\",\"url\":\"https:\/\/www.msbudovatelu.cz\/\",\"name\":\"msbudovatelu.cz\",\"description\":\"Web mate\u0159sk\u00e9 \u0161koly budovatel\u016f v Hlinsku\",\"publisher\":{\"@id\":\"https:\/\/www.msbudovatelu.cz\/#organization\"},\"potentialAction\":[{\"@type\":\"SearchAction\",\"target\":{\"@type\":\"EntryPoint\",\"urlTemplate\":\"https:\/\/www.msbudovatelu.cz\/?s={search_term_string}\"},\"query-input\":\"required name=search_term_string\"}],\"inLanguage\":\"cs\"},{\"@type\":\"WebPage\",\"@id\":\"https:\/\/www.msbudovatelu.cz\/index.php\/skolne\/\",\"url\":\"https:\/\/www.msbudovatelu.cz\/index.php\/skolne\/\",\"name\":\"\u0160koln\u00e9 - msbudovatelu.cz\",\"isPartOf\":{\"@id\":\"https:\/\/www.msbudovatelu.cz\/#website\"},\"datePublished\":\"2021-09-02T20:20:19+00:00\",\"dateModified\":\"2025-06-17T09:11:49+00:00\",\"breadcrumb\":{\"@id\":\"https:\/\/www.msbudovatelu.cz\/index.php\/skolne\/#breadcrumb\"},\"inLanguage\":\"cs\",\"potentialAction\":[{\"@type\":\"ReadAction\",\"target\":[\"https:\/\/www.msbudovatelu.cz\/index.php\/skolne\/\"]}]},{\"@type\":\"BreadcrumbList\",\"@id\":\"https:\/\/www.msbudovatelu.cz\/index.php\/skolne\/#breadcrumb\",\"itemListElement\":[{\"@type\":\"ListItem\",\"position\":1,\"name\":\"Dom\u016f\",\"item\":\"https:\/\/www.msbudovatelu.cz\/\"},{\"@type\":\"ListItem\",\"position\":2,\"name\":\"\u0160koln\u00e9\"}]}]}<\/script>\n<!-- \/ Yoast SEO plugin. -->","yoast_head_json":{"title":"\u0160koln\u00e9 - msbudovatelu.cz","robots":{"index":"index","follow":"follow","max-snippet":"max-snippet:-1","max-image-preview":"max-image-preview:large","max-video-preview":"max-video-preview:-1"},"canonical":"https:\/\/www.msbudovatelu.cz\/index.php\/skolne\/","og_locale":"cs_CZ","og_type":"article","og_title":"\u0160koln\u00e9 - msbudovatelu.cz","og_description":"\u0160koln\u00e9 V\u00e1\u017een\u00ed rodi\u010de! \u00daplata za p\u0159ed\u0161koln\u00ed vzd\u011bl\u00e1v\u00e1n\u00ed (d\u0159\u00edve \u0161koln\u00e9) je stanovena z\u0159izovatelem. S rozhodnut\u00edm Rady m\u011bsta konan\u00e9 dne 16.6.2025 byla s \u00fa\u010dinnost\u00ed od 1.9.2025 \u00faplata stanovena na K\u010d 500,&#8211;\/m\u011bs\u00edc. Plat\u00ed se spolu se stravn\u00fdm pod ur\u010den\u00fdm variabiln\u00edm symbolem. Je stanoveno dle vyhl\u00e1\u0161ky \u010d. 14\/2005 ze dne 29.12.2004 o p\u0159ed\u0161koln\u00edm vzd\u011bl\u00e1v\u00e1n\u00ed ve zn\u011bn\u00ed pozd. p\u0159edpis\u016f. Pokud [&hellip;]","og_url":"https:\/\/www.msbudovatelu.cz\/index.php\/skolne\/","og_site_name":"msbudovatelu.cz","article_publisher":"https:\/\/www.facebook.com\/MS.Budovatelu","article_modified_time":"2025-06-17T09:11:49+00:00","og_image":[{"width":940,"height":941,"url":"https:\/\/www.msbudovatelu.cz\/wp-content\/uploads\/2021\/08\/logoMSBudovatelu.png","type":"image\/png"}],"twitter_card":"summary_large_image","twitter_misc":{"Odhadovan\u00e1 doba \u010dten\u00ed":"1 minuta"},"schema":{"@context":"https:\/\/schema.org","@graph":[{"@type":"Organization","@id":"https:\/\/www.msbudovatelu.cz\/#organization","name":"Mate\u0159sk\u00e1 \u0161kola Budovatel\u016f Hlinsko","url":"https:\/\/www.msbudovatelu.cz\/","sameAs":["https:\/\/www.facebook.com\/MS.Budovatelu"],"logo":{"@type":"ImageObject","inLanguage":"cs","@id":"https:\/\/www.msbudovatelu.cz\/#\/schema\/logo\/image\/","url":"https:\/\/www.msbudovatelu.cz\/wp-content\/uploads\/2021\/08\/logoMSBudovatelu.png","contentUrl":"https:\/\/www.msbudovatelu.cz\/wp-content\/uploads\/2021\/08\/logoMSBudovatelu.png","width":940,"height":941,"caption":"Mate\u0159sk\u00e1 \u0161kola Budovatel\u016f Hlinsko"},"image":{"@id":"https:\/\/www.msbudovatelu.cz\/#\/schema\/logo\/image\/"}},{"@type":"WebSite","@id":"https:\/\/www.msbudovatelu.cz\/#website","url":"https:\/\/www.msbudovatelu.cz\/","name":"msbudovatelu.cz","description":"Web mate\u0159sk\u00e9 \u0161koly budovatel\u016f v Hlinsku","publisher":{"@id":"https:\/\/www.msbudovatelu.cz\/#organization"},"potentialAction":[{"@type":"SearchAction","target":{"@type":"EntryPoint","urlTemplate":"https:\/\/www.msbudovatelu.cz\/?s={search_term_string}"},"query-input":"required name=search_term_string"}],"inLanguage":"cs"},{"@type":"WebPage","@id":"https:\/\/www.msbudovatelu.cz\/index.php\/skolne\/","url":"https:\/\/www.msbudovatelu.cz\/index.php\/skolne\/","name":"\u0160koln\u00e9 - msbudovatelu.cz","isPartOf":{"@id":"https:\/\/www.msbudovatelu.cz\/#website"},"datePublished":"2021-09-02T20:20:19+00:00","dateModified":"2025-06-17T09:11:49+00:00","breadcrumb":{"@id":"https:\/\/www.msbudovatelu.cz\/index.php\/skolne\/#breadcrumb"},"inLanguage":"cs","potentialAction":[{"@type":"ReadAction","target":["https:\/\/www.msbudovatelu.cz\/index.php\/skolne\/"]}]},{"@type":"BreadcrumbList","@id":"https:\/\/www.msbudovatelu.cz\/index.php\/skolne\/#breadcrumb","itemListElement":[{"@type":"ListItem","position":1,"name":"Dom\u016f","item":"https:\/\/www.msbudovatelu.cz\/"},{"@type":"ListItem","position":2,"name":"\u0160koln\u00e9"}]}]}},"_links":{"self":[{"href":"https:\/\/www.msbudovatelu.cz\/index.php\/wp-json\/wp\/v2\/pages\/108"}],"collection":[{"href":"https:\/\/www.msbudovatelu.cz\/index.php\/wp-json\/wp\/v2\/pages"}],"about":[{"href":"https:\/\/www.msbudovatelu.cz\/index.php\/wp-json\/wp\/v2\/types\/page"}],"author":[{"embeddable":true,"href":"https:\/\/www.msbudovatelu.cz\/index.php\/wp-json\/wp\/v2\/users\/1"}],"replies":[{"embeddable":true,"href":"https:\/\/www.msbudovatelu.cz\/index.php\/wp-json\/wp\/v2\/comments?post=108"}],"version-history":[{"count":10,"href":"https:\/\/www.msbudovatelu.cz\/index.php\/wp-json\/wp\/v2\/pages\/108\/revisions"}],"predecessor-version":[{"id":1017,"href":"https:\/\/www.msbudovatelu.cz\/index.php\/wp-json\/wp\/v2\/pages\/108\/revisions\/1017"}],"wp:attachment":[{"href":"https:\/\/www.msbudovatelu.cz\/index.php\/wp-json\/wp\/v2\/media?parent=108"}],"curies":[{"name":"wp","href":"https:\/\/api.w.org\/{rel}","templated":true}]}}