{"id":118,"date":"2021-09-02T22:30:47","date_gmt":"2021-09-02T20:30:47","guid":{"rendered":"https:\/\/www.msbudovatelu.cz\/?page_id=118"},"modified":"2024-10-12T17:56:42","modified_gmt":"2024-10-12T15:56:42","slug":"stravne","status":"publish","type":"page","link":"https:\/\/www.msbudovatelu.cz\/index.php\/stravne\/","title":{"rendered":"Stravn\u00e9"},"content":{"rendered":"\n<h1>Stravn\u00e9<\/h1>\n\n\n\n<hr class=\"wp-block-separator has-alpha-channel-opacity\"\/>\n\n\n\n<p>Stravn\u00e9 se plat\u00ed trval\u00fdm p\u0159\u00edkazem z Va\u0161eho \u00fa\u010dtu na \u00fa\u010det M\u0160, <strong>veden\u00fd u KB, \u010d.\u00fa. 78\u20138130420237\/0100<\/strong> koncem m\u011bs\u00edce na p\u0159\u00ed\u0161t\u00ed m\u011bs\u00edc (v srpnu na z\u00e1\u0159\u00ed). Vy\u00fa\u010dtov\u00e1n\u00ed se prov\u00e1d\u00ed jedenkr\u00e1t ro\u010dn\u011b \u2013 v \u010dervenci za cel\u00fd \u0161koln\u00ed rok.<\/p>\n\n\n\n<p>Rodi\u010de nahl\u00e1s\u00ed do M\u0160 \u010d\u00edslo sv\u00e9ho \u00fa\u010dtu, informace pod\u00e1 vedouc\u00ed stravov\u00e1n\u00ed p\u00ed. B\u0159\u00edzov\u00e1 \u2013 tel. 469 315 814.<\/p>\n\n\n\n<p><strong>Variabiln\u00ed symbol &#8211; k\u00f3d, kter\u00fd V\u00e1m d\u00e1 pan\u00ed vedouc\u00ed \u0160J<\/strong><\/p>\n\n\n\n<p><strong>Konstantn\u00ed symbol &#8211; 0379<\/strong><\/p>\n\n\n\n<p><strong>Stravn\u00e9 <\/strong>p\u0159i <strong>celodenn\u00edm stravov\u00e1n\u00ed<\/strong> \u010din\u00ed od 1.9.2024<strong> K\u010d 900,- m\u011bs\u00ed\u010dn\u011b.<\/strong><\/p>\n\n\n\n<p>P\u0159i stravov\u00e1n\u00ed <strong>bez odpoledn\u00ed sva\u010diny<\/strong> je v\u00fd\u0161e stravn\u00e9ho<strong> 750,- K\u010d m\u011bs\u00ed\u010dn\u011b.<\/strong><\/p>\n\n\n\n<p class=\"has-medium-font-size\"><\/p>\n","protected":false},"excerpt":{"rendered":"<p>Stravn\u00e9 Stravn\u00e9 se plat\u00ed trval\u00fdm p\u0159\u00edkazem z Va\u0161eho \u00fa\u010dtu na \u00fa\u010det M\u0160, veden\u00fd u KB, \u010d.\u00fa. 78\u20138130420237\/0100 koncem m\u011bs\u00edce na p\u0159\u00ed\u0161t\u00ed m\u011bs\u00edc (v srpnu na z\u00e1\u0159\u00ed). Vy\u00fa\u010dtov\u00e1n\u00ed se prov\u00e1d\u00ed jedenkr\u00e1t ro\u010dn\u011b \u2013 v \u010dervenci za cel\u00fd \u0161koln\u00ed rok. Rodi\u010de nahl\u00e1s\u00ed do M\u0160 \u010d\u00edslo sv\u00e9ho \u00fa\u010dtu, informace pod\u00e1 vedouc\u00ed stravov\u00e1n\u00ed p\u00ed. B\u0159\u00edzov\u00e1 \u2013 tel. 469 315 [&hellip;]<\/p>\n","protected":false},"author":1,"featured_media":0,"parent":0,"menu_order":0,"comment_status":"closed","ping_status":"closed","template":"","meta":[],"yoast_head":"<!-- This site is optimized with the Yoast SEO plugin v19.4 - https:\/\/yoast.com\/wordpress\/plugins\/seo\/ -->\n<title>Stravn\u00e9 - msbudovatelu.cz<\/title>\n<meta name=\"robots\" content=\"index, follow, max-snippet:-1, max-image-preview:large, max-video-preview:-1\" \/>\n<link rel=\"canonical\" href=\"https:\/\/www.msbudovatelu.cz\/index.php\/stravne\/\" \/>\n<meta property=\"og:locale\" content=\"cs_CZ\" \/>\n<meta property=\"og:type\" content=\"article\" \/>\n<meta property=\"og:title\" content=\"Stravn\u00e9 - msbudovatelu.cz\" \/>\n<meta property=\"og:description\" content=\"Stravn\u00e9 Stravn\u00e9 se plat\u00ed trval\u00fdm p\u0159\u00edkazem z Va\u0161eho \u00fa\u010dtu na \u00fa\u010det M\u0160, veden\u00fd u KB, \u010d.\u00fa. 78\u20138130420237\/0100 koncem m\u011bs\u00edce na p\u0159\u00ed\u0161t\u00ed m\u011bs\u00edc (v srpnu na z\u00e1\u0159\u00ed). Vy\u00fa\u010dtov\u00e1n\u00ed se prov\u00e1d\u00ed jedenkr\u00e1t ro\u010dn\u011b \u2013 v \u010dervenci za cel\u00fd \u0161koln\u00ed rok. Rodi\u010de nahl\u00e1s\u00ed do M\u0160 \u010d\u00edslo sv\u00e9ho \u00fa\u010dtu, informace pod\u00e1 vedouc\u00ed stravov\u00e1n\u00ed p\u00ed. B\u0159\u00edzov\u00e1 \u2013 tel. 469 315 [&hellip;]\" \/>\n<meta property=\"og:url\" content=\"https:\/\/www.msbudovatelu.cz\/index.php\/stravne\/\" \/>\n<meta property=\"og:site_name\" content=\"msbudovatelu.cz\" \/>\n<meta property=\"article:publisher\" content=\"https:\/\/www.facebook.com\/MS.Budovatelu\" \/>\n<meta property=\"article:modified_time\" content=\"2024-10-12T15:56:42+00:00\" \/>\n<meta property=\"og:image\" content=\"https:\/\/www.msbudovatelu.cz\/wp-content\/uploads\/2021\/08\/logoMSBudovatelu.png\" \/>\n\t<meta property=\"og:image:width\" content=\"940\" \/>\n\t<meta property=\"og:image:height\" content=\"941\" \/>\n\t<meta property=\"og:image:type\" content=\"image\/png\" \/>\n<meta name=\"twitter:card\" content=\"summary_large_image\" \/>\n<meta name=\"twitter:label1\" content=\"Odhadovan\u00e1 doba \u010dten\u00ed\" \/>\n\t<meta name=\"twitter:data1\" content=\"1 minuta\" \/>\n<script type=\"application\/ld+json\" class=\"yoast-schema-graph\">{\"@context\":\"https:\/\/schema.org\",\"@graph\":[{\"@type\":\"Organization\",\"@id\":\"https:\/\/www.msbudovatelu.cz\/#organization\",\"name\":\"Mate\u0159sk\u00e1 \u0161kola Budovatel\u016f Hlinsko\",\"url\":\"https:\/\/www.msbudovatelu.cz\/\",\"sameAs\":[\"https:\/\/www.facebook.com\/MS.Budovatelu\"],\"logo\":{\"@type\":\"ImageObject\",\"inLanguage\":\"cs\",\"@id\":\"https:\/\/www.msbudovatelu.cz\/#\/schema\/logo\/image\/\",\"url\":\"https:\/\/www.msbudovatelu.cz\/wp-content\/uploads\/2021\/08\/logoMSBudovatelu.png\",\"contentUrl\":\"https:\/\/www.msbudovatelu.cz\/wp-content\/uploads\/2021\/08\/logoMSBudovatelu.png\",\"width\":940,\"height\":941,\"caption\":\"Mate\u0159sk\u00e1 \u0161kola Budovatel\u016f Hlinsko\"},\"image\":{\"@id\":\"https:\/\/www.msbudovatelu.cz\/#\/schema\/logo\/image\/\"}},{\"@type\":\"WebSite\",\"@id\":\"https:\/\/www.msbudovatelu.cz\/#website\",\"url\":\"https:\/\/www.msbudovatelu.cz\/\",\"name\":\"msbudovatelu.cz\",\"description\":\"Web mate\u0159sk\u00e9 \u0161koly budovatel\u016f v Hlinsku\",\"publisher\":{\"@id\":\"https:\/\/www.msbudovatelu.cz\/#organization\"},\"potentialAction\":[{\"@type\":\"SearchAction\",\"target\":{\"@type\":\"EntryPoint\",\"urlTemplate\":\"https:\/\/www.msbudovatelu.cz\/?s={search_term_string}\"},\"query-input\":\"required name=search_term_string\"}],\"inLanguage\":\"cs\"},{\"@type\":\"WebPage\",\"@id\":\"https:\/\/www.msbudovatelu.cz\/index.php\/stravne\/\",\"url\":\"https:\/\/www.msbudovatelu.cz\/index.php\/stravne\/\",\"name\":\"Stravn\u00e9 - msbudovatelu.cz\",\"isPartOf\":{\"@id\":\"https:\/\/www.msbudovatelu.cz\/#website\"},\"datePublished\":\"2021-09-02T20:30:47+00:00\",\"dateModified\":\"2024-10-12T15:56:42+00:00\",\"breadcrumb\":{\"@id\":\"https:\/\/www.msbudovatelu.cz\/index.php\/stravne\/#breadcrumb\"},\"inLanguage\":\"cs\",\"potentialAction\":[{\"@type\":\"ReadAction\",\"target\":[\"https:\/\/www.msbudovatelu.cz\/index.php\/stravne\/\"]}]},{\"@type\":\"BreadcrumbList\",\"@id\":\"https:\/\/www.msbudovatelu.cz\/index.php\/stravne\/#breadcrumb\",\"itemListElement\":[{\"@type\":\"ListItem\",\"position\":1,\"name\":\"Dom\u016f\",\"item\":\"https:\/\/www.msbudovatelu.cz\/\"},{\"@type\":\"ListItem\",\"position\":2,\"name\":\"Stravn\u00e9\"}]}]}<\/script>\n<!-- \/ Yoast SEO plugin. -->","yoast_head_json":{"title":"Stravn\u00e9 - msbudovatelu.cz","robots":{"index":"index","follow":"follow","max-snippet":"max-snippet:-1","max-image-preview":"max-image-preview:large","max-video-preview":"max-video-preview:-1"},"canonical":"https:\/\/www.msbudovatelu.cz\/index.php\/stravne\/","og_locale":"cs_CZ","og_type":"article","og_title":"Stravn\u00e9 - msbudovatelu.cz","og_description":"Stravn\u00e9 Stravn\u00e9 se plat\u00ed trval\u00fdm p\u0159\u00edkazem z Va\u0161eho \u00fa\u010dtu na \u00fa\u010det M\u0160, veden\u00fd u KB, \u010d.\u00fa. 78\u20138130420237\/0100 koncem m\u011bs\u00edce na p\u0159\u00ed\u0161t\u00ed m\u011bs\u00edc (v srpnu na z\u00e1\u0159\u00ed). Vy\u00fa\u010dtov\u00e1n\u00ed se prov\u00e1d\u00ed jedenkr\u00e1t ro\u010dn\u011b \u2013 v \u010dervenci za cel\u00fd \u0161koln\u00ed rok. Rodi\u010de nahl\u00e1s\u00ed do M\u0160 \u010d\u00edslo sv\u00e9ho \u00fa\u010dtu, informace pod\u00e1 vedouc\u00ed stravov\u00e1n\u00ed p\u00ed. B\u0159\u00edzov\u00e1 \u2013 tel. 469 315 [&hellip;]","og_url":"https:\/\/www.msbudovatelu.cz\/index.php\/stravne\/","og_site_name":"msbudovatelu.cz","article_publisher":"https:\/\/www.facebook.com\/MS.Budovatelu","article_modified_time":"2024-10-12T15:56:42+00:00","og_image":[{"width":940,"height":941,"url":"https:\/\/www.msbudovatelu.cz\/wp-content\/uploads\/2021\/08\/logoMSBudovatelu.png","type":"image\/png"}],"twitter_card":"summary_large_image","twitter_misc":{"Odhadovan\u00e1 doba \u010dten\u00ed":"1 minuta"},"schema":{"@context":"https:\/\/schema.org","@graph":[{"@type":"Organization","@id":"https:\/\/www.msbudovatelu.cz\/#organization","name":"Mate\u0159sk\u00e1 \u0161kola Budovatel\u016f Hlinsko","url":"https:\/\/www.msbudovatelu.cz\/","sameAs":["https:\/\/www.facebook.com\/MS.Budovatelu"],"logo":{"@type":"ImageObject","inLanguage":"cs","@id":"https:\/\/www.msbudovatelu.cz\/#\/schema\/logo\/image\/","url":"https:\/\/www.msbudovatelu.cz\/wp-content\/uploads\/2021\/08\/logoMSBudovatelu.png","contentUrl":"https:\/\/www.msbudovatelu.cz\/wp-content\/uploads\/2021\/08\/logoMSBudovatelu.png","width":940,"height":941,"caption":"Mate\u0159sk\u00e1 \u0161kola Budovatel\u016f Hlinsko"},"image":{"@id":"https:\/\/www.msbudovatelu.cz\/#\/schema\/logo\/image\/"}},{"@type":"WebSite","@id":"https:\/\/www.msbudovatelu.cz\/#website","url":"https:\/\/www.msbudovatelu.cz\/","name":"msbudovatelu.cz","description":"Web mate\u0159sk\u00e9 \u0161koly budovatel\u016f v Hlinsku","publisher":{"@id":"https:\/\/www.msbudovatelu.cz\/#organization"},"potentialAction":[{"@type":"SearchAction","target":{"@type":"EntryPoint","urlTemplate":"https:\/\/www.msbudovatelu.cz\/?s={search_term_string}"},"query-input":"required name=search_term_string"}],"inLanguage":"cs"},{"@type":"WebPage","@id":"https:\/\/www.msbudovatelu.cz\/index.php\/stravne\/","url":"https:\/\/www.msbudovatelu.cz\/index.php\/stravne\/","name":"Stravn\u00e9 - msbudovatelu.cz","isPartOf":{"@id":"https:\/\/www.msbudovatelu.cz\/#website"},"datePublished":"2021-09-02T20:30:47+00:00","dateModified":"2024-10-12T15:56:42+00:00","breadcrumb":{"@id":"https:\/\/www.msbudovatelu.cz\/index.php\/stravne\/#breadcrumb"},"inLanguage":"cs","potentialAction":[{"@type":"ReadAction","target":["https:\/\/www.msbudovatelu.cz\/index.php\/stravne\/"]}]},{"@type":"BreadcrumbList","@id":"https:\/\/www.msbudovatelu.cz\/index.php\/stravne\/#breadcrumb","itemListElement":[{"@type":"ListItem","position":1,"name":"Dom\u016f","item":"https:\/\/www.msbudovatelu.cz\/"},{"@type":"ListItem","position":2,"name":"Stravn\u00e9"}]}]}},"_links":{"self":[{"href":"https:\/\/www.msbudovatelu.cz\/index.php\/wp-json\/wp\/v2\/pages\/118"}],"collection":[{"href":"https:\/\/www.msbudovatelu.cz\/index.php\/wp-json\/wp\/v2\/pages"}],"about":[{"href":"https:\/\/www.msbudovatelu.cz\/index.php\/wp-json\/wp\/v2\/types\/page"}],"author":[{"embeddable":true,"href":"https:\/\/www.msbudovatelu.cz\/index.php\/wp-json\/wp\/v2\/users\/1"}],"replies":[{"embeddable":true,"href":"https:\/\/www.msbudovatelu.cz\/index.php\/wp-json\/wp\/v2\/comments?post=118"}],"version-history":[{"count":7,"href":"https:\/\/www.msbudovatelu.cz\/index.php\/wp-json\/wp\/v2\/pages\/118\/revisions"}],"predecessor-version":[{"id":871,"href":"https:\/\/www.msbudovatelu.cz\/index.php\/wp-json\/wp\/v2\/pages\/118\/revisions\/871"}],"wp:attachment":[{"href":"https:\/\/www.msbudovatelu.cz\/index.php\/wp-json\/wp\/v2\/media?parent=118"}],"curies":[{"name":"wp","href":"https:\/\/api.w.org\/{rel}","templated":true}]}}