{"id":124,"date":"2021-09-02T22:33:10","date_gmt":"2021-09-02T20:33:10","guid":{"rendered":"https:\/\/www.msbudovatelu.cz\/?page_id=124"},"modified":"2025-07-08T12:09:56","modified_gmt":"2025-07-08T10:09:56","slug":"prijimani-deti","status":"publish","type":"page","link":"https:\/\/www.msbudovatelu.cz\/index.php\/prijimani-deti\/","title":{"rendered":"P\u0159ij\u00edm\u00e1n\u00ed d\u011bt\u00ed"},"content":{"rendered":"\n<h1>P\u0159ij\u00edm\u00e1n\u00ed d\u011bt\u00ed<\/h1>\n\n\n\n<p class=\"has-text-align-center\"><\/p>\n\n\n\n<hr class=\"wp-block-separator has-alpha-channel-opacity\"\/>\n\n\n\n<p>Z\u00e1pisy k p\u0159ed\u0161koln\u00edmu vzd\u011bl\u00e1v\u00e1n\u00ed se konaj\u00ed dle \u00a7 34 \u0161kolsk\u00e9ho z\u00e1kona v obdob\u00ed od 15. b\u0159ezna do 15. dubna dan\u00e9ho roku. Aby se mohly mate\u0159sk\u00e9 \u0161koly na realizaci z\u00e1pisu v\u010das p\u0159ipravit a o pr\u016fb\u011bhu z\u00e1pisu mohly informovat rodi\u010de s dostate\u010dn\u00fdm p\u0159edstihem, vyd\u00e1v\u00e1 M\u0160MT metodick\u00e9 doporu\u010den\u00ed k jejich organizaci. Z\u00e1pisy k p\u0159ed\u0161koln\u00edmu vzd\u011bl\u00e1v\u00e1n\u00ed prob\u011bhnou v souladu s platn\u00fdmi pr\u00e1vn\u00edmi p\u0159edpisy (zejm\u00e9na \u0161kolsk\u00fd z\u00e1kon, spr\u00e1vn\u00ed \u0159\u00e1d a vyhl\u00e1\u0161ka o p\u0159ed\u0161koln\u00edm vzd\u011bl\u00e1v\u00e1n\u00ed).<\/p>\n\n\n\n<p><strong>M\u011bsto Hlinsko<\/strong> spole\u010dn\u011b s \u0159editeli M\u0160 <strong>vyhl\u00e1s\u00ed konkr\u00e9tn\u00ed term\u00edn z\u00e1pisu, kter\u00fd pot\u00e9 na str\u00e1nk\u00e1ch M\u0160 uve\u0159ejn\u00edme.<\/strong><\/p>\n\n\n\n<p>\u017d\u00e1dost mohou z\u00e1konn\u00ed z\u00e1stupci doru\u010dit n\u00e1sleduj\u00edc\u00edmi zp\u016fsoby:<\/p>\n\n\n\n<p>\u2212 do datov\u00e9 schr\u00e1nky \u0161koly,<\/p>\n\n\n\n<p>\u2212 e-mailem s elektronick\u00fdm podpisem z\u00e1konn\u00e9ho z\u00e1stupce,<\/p>\n\n\n\n<p>\u2212 po\u0161tou (rozhoduj\u00edc\u00ed je datum pod\u00e1n\u00ed na po\u0161tu),<\/p>\n\n\n\n<p>\u2212 osobn\u00edm pod\u00e1n\u00edm ve \u0161kole.<\/p>\n\n\n\n<p>Pokud z\u00e1konn\u00fd z\u00e1stupce pod\u00e1 \u017e\u00e1dost prost\u0159ednictv\u00edm jin\u00fdch technick\u00fdch prost\u0159edk\u016f, ne\u017e jsou v\u00fd\u0161e uveden\u00e9 (nap\u0159. e-mailem bez uzn\u00e1van\u00e9ho elektronick\u00e9ho podpisu, faxem apod.), je nutn\u00e9, aby ji do 5 dn\u016f potvrdil, jinak se k \u017e\u00e1dosti nep\u0159ihl\u00ed\u017e\u00ed.<\/p>\n\n\n\n<p>Krit\u00e9ria p\u0159ijet\u00ed do M\u0160 ke sta\u017een\u00ed v sekci DOKUMENTY.<\/p>\n","protected":false},"excerpt":{"rendered":"<p>P\u0159ij\u00edm\u00e1n\u00ed d\u011bt\u00ed Z\u00e1pisy k p\u0159ed\u0161koln\u00edmu vzd\u011bl\u00e1v\u00e1n\u00ed se konaj\u00ed dle \u00a7 34 \u0161kolsk\u00e9ho z\u00e1kona v obdob\u00ed od 15. b\u0159ezna do 15. dubna dan\u00e9ho roku. Aby se mohly mate\u0159sk\u00e9 \u0161koly na realizaci z\u00e1pisu v\u010das p\u0159ipravit a o pr\u016fb\u011bhu z\u00e1pisu mohly informovat rodi\u010de s dostate\u010dn\u00fdm p\u0159edstihem, vyd\u00e1v\u00e1 M\u0160MT metodick\u00e9 doporu\u010den\u00ed k jejich organizaci. Z\u00e1pisy k p\u0159ed\u0161koln\u00edmu vzd\u011bl\u00e1v\u00e1n\u00ed prob\u011bhnou [&hellip;]<\/p>\n","protected":false},"author":1,"featured_media":0,"parent":0,"menu_order":0,"comment_status":"closed","ping_status":"closed","template":"","meta":[],"yoast_head":"<!-- This site is optimized with the Yoast SEO plugin v19.4 - https:\/\/yoast.com\/wordpress\/plugins\/seo\/ -->\n<title>P\u0159ij\u00edm\u00e1n\u00ed d\u011bt\u00ed - msbudovatelu.cz<\/title>\n<meta name=\"robots\" content=\"index, follow, max-snippet:-1, max-image-preview:large, max-video-preview:-1\" \/>\n<link rel=\"canonical\" href=\"https:\/\/www.msbudovatelu.cz\/index.php\/prijimani-deti\/\" \/>\n<meta property=\"og:locale\" content=\"cs_CZ\" \/>\n<meta property=\"og:type\" content=\"article\" \/>\n<meta property=\"og:title\" content=\"P\u0159ij\u00edm\u00e1n\u00ed d\u011bt\u00ed - msbudovatelu.cz\" \/>\n<meta property=\"og:description\" content=\"P\u0159ij\u00edm\u00e1n\u00ed d\u011bt\u00ed Z\u00e1pisy k p\u0159ed\u0161koln\u00edmu vzd\u011bl\u00e1v\u00e1n\u00ed se konaj\u00ed dle \u00a7 34 \u0161kolsk\u00e9ho z\u00e1kona v obdob\u00ed od 15. b\u0159ezna do 15. dubna dan\u00e9ho roku. Aby se mohly mate\u0159sk\u00e9 \u0161koly na realizaci z\u00e1pisu v\u010das p\u0159ipravit a o pr\u016fb\u011bhu z\u00e1pisu mohly informovat rodi\u010de s dostate\u010dn\u00fdm p\u0159edstihem, vyd\u00e1v\u00e1 M\u0160MT metodick\u00e9 doporu\u010den\u00ed k jejich organizaci. Z\u00e1pisy k p\u0159ed\u0161koln\u00edmu vzd\u011bl\u00e1v\u00e1n\u00ed prob\u011bhnou [&hellip;]\" \/>\n<meta property=\"og:url\" content=\"https:\/\/www.msbudovatelu.cz\/index.php\/prijimani-deti\/\" \/>\n<meta property=\"og:site_name\" content=\"msbudovatelu.cz\" \/>\n<meta property=\"article:publisher\" content=\"https:\/\/www.facebook.com\/MS.Budovatelu\" \/>\n<meta property=\"article:modified_time\" content=\"2025-07-08T10:09:56+00:00\" \/>\n<meta property=\"og:image\" content=\"https:\/\/www.msbudovatelu.cz\/wp-content\/uploads\/2021\/08\/logoMSBudovatelu.png\" \/>\n\t<meta property=\"og:image:width\" content=\"940\" \/>\n\t<meta property=\"og:image:height\" content=\"941\" \/>\n\t<meta property=\"og:image:type\" content=\"image\/png\" \/>\n<meta name=\"twitter:card\" content=\"summary_large_image\" \/>\n<meta name=\"twitter:label1\" content=\"Odhadovan\u00e1 doba \u010dten\u00ed\" \/>\n\t<meta name=\"twitter:data1\" content=\"1 minuta\" \/>\n<script type=\"application\/ld+json\" class=\"yoast-schema-graph\">{\"@context\":\"https:\/\/schema.org\",\"@graph\":[{\"@type\":\"Organization\",\"@id\":\"https:\/\/www.msbudovatelu.cz\/#organization\",\"name\":\"Mate\u0159sk\u00e1 \u0161kola Budovatel\u016f Hlinsko\",\"url\":\"https:\/\/www.msbudovatelu.cz\/\",\"sameAs\":[\"https:\/\/www.facebook.com\/MS.Budovatelu\"],\"logo\":{\"@type\":\"ImageObject\",\"inLanguage\":\"cs\",\"@id\":\"https:\/\/www.msbudovatelu.cz\/#\/schema\/logo\/image\/\",\"url\":\"https:\/\/www.msbudovatelu.cz\/wp-content\/uploads\/2021\/08\/logoMSBudovatelu.png\",\"contentUrl\":\"https:\/\/www.msbudovatelu.cz\/wp-content\/uploads\/2021\/08\/logoMSBudovatelu.png\",\"width\":940,\"height\":941,\"caption\":\"Mate\u0159sk\u00e1 \u0161kola Budovatel\u016f Hlinsko\"},\"image\":{\"@id\":\"https:\/\/www.msbudovatelu.cz\/#\/schema\/logo\/image\/\"}},{\"@type\":\"WebSite\",\"@id\":\"https:\/\/www.msbudovatelu.cz\/#website\",\"url\":\"https:\/\/www.msbudovatelu.cz\/\",\"name\":\"msbudovatelu.cz\",\"description\":\"Web mate\u0159sk\u00e9 \u0161koly budovatel\u016f v Hlinsku\",\"publisher\":{\"@id\":\"https:\/\/www.msbudovatelu.cz\/#organization\"},\"potentialAction\":[{\"@type\":\"SearchAction\",\"target\":{\"@type\":\"EntryPoint\",\"urlTemplate\":\"https:\/\/www.msbudovatelu.cz\/?s={search_term_string}\"},\"query-input\":\"required name=search_term_string\"}],\"inLanguage\":\"cs\"},{\"@type\":\"WebPage\",\"@id\":\"https:\/\/www.msbudovatelu.cz\/index.php\/prijimani-deti\/\",\"url\":\"https:\/\/www.msbudovatelu.cz\/index.php\/prijimani-deti\/\",\"name\":\"P\u0159ij\u00edm\u00e1n\u00ed d\u011bt\u00ed - msbudovatelu.cz\",\"isPartOf\":{\"@id\":\"https:\/\/www.msbudovatelu.cz\/#website\"},\"datePublished\":\"2021-09-02T20:33:10+00:00\",\"dateModified\":\"2025-07-08T10:09:56+00:00\",\"breadcrumb\":{\"@id\":\"https:\/\/www.msbudovatelu.cz\/index.php\/prijimani-deti\/#breadcrumb\"},\"inLanguage\":\"cs\",\"potentialAction\":[{\"@type\":\"ReadAction\",\"target\":[\"https:\/\/www.msbudovatelu.cz\/index.php\/prijimani-deti\/\"]}]},{\"@type\":\"BreadcrumbList\",\"@id\":\"https:\/\/www.msbudovatelu.cz\/index.php\/prijimani-deti\/#breadcrumb\",\"itemListElement\":[{\"@type\":\"ListItem\",\"position\":1,\"name\":\"Dom\u016f\",\"item\":\"https:\/\/www.msbudovatelu.cz\/\"},{\"@type\":\"ListItem\",\"position\":2,\"name\":\"P\u0159ij\u00edm\u00e1n\u00ed d\u011bt\u00ed\"}]}]}<\/script>\n<!-- \/ Yoast SEO plugin. -->","yoast_head_json":{"title":"P\u0159ij\u00edm\u00e1n\u00ed d\u011bt\u00ed - msbudovatelu.cz","robots":{"index":"index","follow":"follow","max-snippet":"max-snippet:-1","max-image-preview":"max-image-preview:large","max-video-preview":"max-video-preview:-1"},"canonical":"https:\/\/www.msbudovatelu.cz\/index.php\/prijimani-deti\/","og_locale":"cs_CZ","og_type":"article","og_title":"P\u0159ij\u00edm\u00e1n\u00ed d\u011bt\u00ed - msbudovatelu.cz","og_description":"P\u0159ij\u00edm\u00e1n\u00ed d\u011bt\u00ed Z\u00e1pisy k p\u0159ed\u0161koln\u00edmu vzd\u011bl\u00e1v\u00e1n\u00ed se konaj\u00ed dle \u00a7 34 \u0161kolsk\u00e9ho z\u00e1kona v obdob\u00ed od 15. b\u0159ezna do 15. dubna dan\u00e9ho roku. Aby se mohly mate\u0159sk\u00e9 \u0161koly na realizaci z\u00e1pisu v\u010das p\u0159ipravit a o pr\u016fb\u011bhu z\u00e1pisu mohly informovat rodi\u010de s dostate\u010dn\u00fdm p\u0159edstihem, vyd\u00e1v\u00e1 M\u0160MT metodick\u00e9 doporu\u010den\u00ed k jejich organizaci. Z\u00e1pisy k p\u0159ed\u0161koln\u00edmu vzd\u011bl\u00e1v\u00e1n\u00ed prob\u011bhnou [&hellip;]","og_url":"https:\/\/www.msbudovatelu.cz\/index.php\/prijimani-deti\/","og_site_name":"msbudovatelu.cz","article_publisher":"https:\/\/www.facebook.com\/MS.Budovatelu","article_modified_time":"2025-07-08T10:09:56+00:00","og_image":[{"width":940,"height":941,"url":"https:\/\/www.msbudovatelu.cz\/wp-content\/uploads\/2021\/08\/logoMSBudovatelu.png","type":"image\/png"}],"twitter_card":"summary_large_image","twitter_misc":{"Odhadovan\u00e1 doba \u010dten\u00ed":"1 minuta"},"schema":{"@context":"https:\/\/schema.org","@graph":[{"@type":"Organization","@id":"https:\/\/www.msbudovatelu.cz\/#organization","name":"Mate\u0159sk\u00e1 \u0161kola Budovatel\u016f Hlinsko","url":"https:\/\/www.msbudovatelu.cz\/","sameAs":["https:\/\/www.facebook.com\/MS.Budovatelu"],"logo":{"@type":"ImageObject","inLanguage":"cs","@id":"https:\/\/www.msbudovatelu.cz\/#\/schema\/logo\/image\/","url":"https:\/\/www.msbudovatelu.cz\/wp-content\/uploads\/2021\/08\/logoMSBudovatelu.png","contentUrl":"https:\/\/www.msbudovatelu.cz\/wp-content\/uploads\/2021\/08\/logoMSBudovatelu.png","width":940,"height":941,"caption":"Mate\u0159sk\u00e1 \u0161kola Budovatel\u016f Hlinsko"},"image":{"@id":"https:\/\/www.msbudovatelu.cz\/#\/schema\/logo\/image\/"}},{"@type":"WebSite","@id":"https:\/\/www.msbudovatelu.cz\/#website","url":"https:\/\/www.msbudovatelu.cz\/","name":"msbudovatelu.cz","description":"Web mate\u0159sk\u00e9 \u0161koly budovatel\u016f v Hlinsku","publisher":{"@id":"https:\/\/www.msbudovatelu.cz\/#organization"},"potentialAction":[{"@type":"SearchAction","target":{"@type":"EntryPoint","urlTemplate":"https:\/\/www.msbudovatelu.cz\/?s={search_term_string}"},"query-input":"required name=search_term_string"}],"inLanguage":"cs"},{"@type":"WebPage","@id":"https:\/\/www.msbudovatelu.cz\/index.php\/prijimani-deti\/","url":"https:\/\/www.msbudovatelu.cz\/index.php\/prijimani-deti\/","name":"P\u0159ij\u00edm\u00e1n\u00ed d\u011bt\u00ed - msbudovatelu.cz","isPartOf":{"@id":"https:\/\/www.msbudovatelu.cz\/#website"},"datePublished":"2021-09-02T20:33:10+00:00","dateModified":"2025-07-08T10:09:56+00:00","breadcrumb":{"@id":"https:\/\/www.msbudovatelu.cz\/index.php\/prijimani-deti\/#breadcrumb"},"inLanguage":"cs","potentialAction":[{"@type":"ReadAction","target":["https:\/\/www.msbudovatelu.cz\/index.php\/prijimani-deti\/"]}]},{"@type":"BreadcrumbList","@id":"https:\/\/www.msbudovatelu.cz\/index.php\/prijimani-deti\/#breadcrumb","itemListElement":[{"@type":"ListItem","position":1,"name":"Dom\u016f","item":"https:\/\/www.msbudovatelu.cz\/"},{"@type":"ListItem","position":2,"name":"P\u0159ij\u00edm\u00e1n\u00ed d\u011bt\u00ed"}]}]}},"_links":{"self":[{"href":"https:\/\/www.msbudovatelu.cz\/index.php\/wp-json\/wp\/v2\/pages\/124"}],"collection":[{"href":"https:\/\/www.msbudovatelu.cz\/index.php\/wp-json\/wp\/v2\/pages"}],"about":[{"href":"https:\/\/www.msbudovatelu.cz\/index.php\/wp-json\/wp\/v2\/types\/page"}],"author":[{"embeddable":true,"href":"https:\/\/www.msbudovatelu.cz\/index.php\/wp-json\/wp\/v2\/users\/1"}],"replies":[{"embeddable":true,"href":"https:\/\/www.msbudovatelu.cz\/index.php\/wp-json\/wp\/v2\/comments?post=124"}],"version-history":[{"count":6,"href":"https:\/\/www.msbudovatelu.cz\/index.php\/wp-json\/wp\/v2\/pages\/124\/revisions"}],"predecessor-version":[{"id":1039,"href":"https:\/\/www.msbudovatelu.cz\/index.php\/wp-json\/wp\/v2\/pages\/124\/revisions\/1039"}],"wp:attachment":[{"href":"https:\/\/www.msbudovatelu.cz\/index.php\/wp-json\/wp\/v2\/media?parent=124"}],"curies":[{"name":"wp","href":"https:\/\/api.w.org\/{rel}","templated":true}]}}