{"id":376,"date":"2022-03-29T19:59:25","date_gmt":"2022-03-29T17:59:25","guid":{"rendered":"https:\/\/www.msbudovatelu.cz\/?page_id=376"},"modified":"2026-04-28T08:31:58","modified_gmt":"2026-04-28T06:31:58","slug":"zapis","status":"publish","type":"page","link":"https:\/\/www.msbudovatelu.cz\/index.php\/zapis\/","title":{"rendered":"Z\u00e1pis 2026 &#8211; V\u00ddSLEDKY"},"content":{"rendered":"\n<h1>z\u00e1pis 2026<\/h1>\n\n\n\n<p><\/p>\n\n\n\n<figure class=\"wp-block-gallery columns-1 is-cropped\"><ul class=\"blocks-gallery-grid\"><li class=\"blocks-gallery-item\"><figure><img loading=\"lazy\" width=\"920\" height=\"1024\" src=\"https:\/\/www.msbudovatelu.cz\/wp-content\/uploads\/2026\/04\/VYSLEDKY-ZAPIS-jpg-920x1024.jpeg\" alt=\"\" data-id=\"1239\" data-full-url=\"https:\/\/www.msbudovatelu.cz\/wp-content\/uploads\/2026\/04\/VYSLEDKY-ZAPIS-jpg.jpeg\" data-link=\"https:\/\/www.msbudovatelu.cz\/index.php\/zapis\/screenshot-2\/\" class=\"wp-image-1239\" srcset=\"https:\/\/www.msbudovatelu.cz\/wp-content\/uploads\/2026\/04\/VYSLEDKY-ZAPIS-jpg-920x1024.jpeg 920w, https:\/\/www.msbudovatelu.cz\/wp-content\/uploads\/2026\/04\/VYSLEDKY-ZAPIS-jpg-270x300.jpeg 270w, https:\/\/www.msbudovatelu.cz\/wp-content\/uploads\/2026\/04\/VYSLEDKY-ZAPIS-jpg-768x855.jpeg 768w, https:\/\/www.msbudovatelu.cz\/wp-content\/uploads\/2026\/04\/VYSLEDKY-ZAPIS-jpg.jpeg 1080w\" sizes=\"(max-width: 920px) 100vw, 920px\" \/><figcaption class=\"blocks-gallery-item__caption\">Screenshot<\/figcaption><\/figure><\/li><\/ul><\/figure>\n\n\n\n<p>V\u00e1\u017een\u00ed rodi\u010de,<\/p>\n\n\n\n<p>z\u00e1pis do M\u0160 se uskute\u010dn\u00ed v \u00fater\u00fd <strong><strong>14. dubna 2026 od 9.00 hod. do 16.00 hod.<\/strong> <\/strong> ve t\u0159\u00edd\u011b Pejsek a ko\u010di\u010dka (vchod od VESNY). <\/p>\n\n\n\n<p><strong>Den otev\u0159en\u00fdch dve\u0159\u00ed<\/strong> prob\u011bhne ve <strong>st\u0159edu 11. b\u0159ezna 2026<\/strong> v \u010dase<strong> 9.00 -11.00 hod. <\/strong>a <strong>14.15-15.30 hod.<\/strong><\/p>\n\n\n\n<p>Pro \u0161koln\u00ed rok <strong>2026\/202<\/strong>7 budeme p\u0159ij\u00edmat 45 d\u011bt\u00ed ve v\u011bku 3-6 let.<\/p>\n\n\n\n<p><strong>U z\u00e1pisu z\u00e1konn\u00ed z\u00e1stupci p\u0159edlo\u017e\u00ed<\/strong>:<\/p>\n\n\n\n<ul><li>rodn\u00fd list d\u00edt\u011bte,<\/li><li>platn\u00fd doklad o sv\u00e9m trval\u00e9m bydli\u0161ti (ob\u010dansk\u00fd pr\u016fkaz, pas),<\/li><li>\u0159\u00e1dn\u011b vypln\u011bnou \u017e\u00e1dost o p\u0159ijet\u00ed d\u00edt\u011bte k doch\u00e1zce do M\u0160, jej\u00ed\u017e ned\u00edlnou sou\u010d\u00e1st\u00ed je i vyj\u00e1d\u0159en\u00ed d\u011btsk\u00e9ho l\u00e9ka\u0159e, (vyj\u00e1d\u0159en\u00ed d\u011btsk\u00e9ho l\u00e9ka\u0159e nemus\u00ed dokl\u00e1dat d\u011bti, na kter\u00e9 se vztahuje povinn\u00e9 p\u0159ed\u0161koln\u00ed vzd\u011bl\u00e1v\u00e1n\u00ed)<\/li><li>vypln\u011bnou p\u0159ihl\u00e1\u0161ku ke stravov\u00e1n\u00ed,<\/li><li>p\u0159\u00edpadn\u011b doporu\u010den\u00ed&nbsp; \u0161kolsk\u00e9ho poradensk\u00e9ho za\u0159\u00edzen\u00ed a odborn\u00e9ho l\u00e9ka\u0159e u d\u011bt\u00ed se speci\u00e1ln\u00edmi&nbsp;vzd\u011bl\u00e1vac\u00edmi pot\u0159ebami.<\/li><\/ul>\n\n\n\n<p>T\u011b\u0161\u00edme se na V\u00e1s.<\/p>\n\n\n\n<p>Mgr. Lenka Hor\u00e1kov\u00e1, DiS., \u0159editelka a kolektiv M\u0160<\/p>\n\n\n\n<p><strong>KE STA\u017dEN\u00cd<\/strong> &#8211; n\u00ed\u017ee, v sekci DOKUMENTY, nebo k vyzvednut\u00ed v M\u0160<\/p>\n\n\n\n<p><a href=\"http:\/\/www.msbudovatelu.cz\/wp-content\/uploads\/2026\/03\/ZADOST-O-PRIJETI-DITETE-DO-MS-26-27.pdf\" target=\"_blank\" rel=\"noreferrer noopener\"><strong>\u017d\u00e1dost o p\u0159ijet\u00ed d\u00edt\u011bte 2026\/2027<\/strong><\/a><\/p>\n\n\n\n<p><strong><a href=\"http:\/\/www.msbudovatelu.cz\/wp-content\/uploads\/2026\/03\/Kriteria-pro-prijeti-2026-2027.pdf\" target=\"_blank\" rel=\"noreferrer noopener\">Krit\u00e9ria pro p\u0159ij\u00edm\u00e1n\u00ed d\u011bt\u00ed 2026\/2027<\/a><\/strong><\/p>\n\n\n\n<p><strong><a href=\"http:\/\/www.msbudovatelu.cz\/wp-content\/uploads\/2026\/03\/Jak-spravne-vyplnit-zadost-o-prijeti-ditete-do-materske-skoly-26-27.pdf\" target=\"_blank\" rel=\"noreferrer noopener\">Jak spr\u00e1vn\u011b vyplnit \u017e\u00e1dost o p\u0159ijet\u00ed d\u00edt\u011bte do mate\u0159sk\u00e9 \u0161koly<\/a><\/strong><\/p>\n","protected":false},"excerpt":{"rendered":"<p>z\u00e1pis 2026 V\u00e1\u017een\u00ed rodi\u010de, z\u00e1pis do M\u0160 se uskute\u010dn\u00ed v \u00fater\u00fd 14. dubna 2026 od 9.00 hod. do 16.00 hod. ve t\u0159\u00edd\u011b Pejsek a ko\u010di\u010dka (vchod od VESNY). Den otev\u0159en\u00fdch dve\u0159\u00ed prob\u011bhne ve st\u0159edu 11. b\u0159ezna 2026 v \u010dase 9.00 -11.00 hod. a 14.15-15.30 hod. Pro \u0161koln\u00ed rok 2026\/2027 budeme p\u0159ij\u00edmat 45 d\u011bt\u00ed ve v\u011bku [&hellip;]<\/p>\n","protected":false},"author":1,"featured_media":0,"parent":0,"menu_order":0,"comment_status":"closed","ping_status":"closed","template":"","meta":[],"yoast_head":"<!-- This site is optimized with the Yoast SEO plugin v19.4 - https:\/\/yoast.com\/wordpress\/plugins\/seo\/ -->\n<title>Z\u00e1pis 2026 - V\u00ddSLEDKY - msbudovatelu.cz<\/title>\n<meta name=\"robots\" content=\"index, follow, max-snippet:-1, max-image-preview:large, max-video-preview:-1\" \/>\n<link rel=\"canonical\" href=\"https:\/\/www.msbudovatelu.cz\/index.php\/zapis\/\" \/>\n<meta property=\"og:locale\" content=\"cs_CZ\" \/>\n<meta property=\"og:type\" content=\"article\" \/>\n<meta property=\"og:title\" content=\"Z\u00e1pis 2026 - V\u00ddSLEDKY - msbudovatelu.cz\" \/>\n<meta property=\"og:description\" content=\"z\u00e1pis 2026 V\u00e1\u017een\u00ed rodi\u010de, z\u00e1pis do M\u0160 se uskute\u010dn\u00ed v \u00fater\u00fd 14. dubna 2026 od 9.00 hod. do 16.00 hod. ve t\u0159\u00edd\u011b Pejsek a ko\u010di\u010dka (vchod od VESNY). Den otev\u0159en\u00fdch dve\u0159\u00ed prob\u011bhne ve st\u0159edu 11. b\u0159ezna 2026 v \u010dase 9.00 -11.00 hod. a 14.15-15.30 hod. Pro \u0161koln\u00ed rok 2026\/2027 budeme p\u0159ij\u00edmat 45 d\u011bt\u00ed ve v\u011bku [&hellip;]\" \/>\n<meta property=\"og:url\" content=\"https:\/\/www.msbudovatelu.cz\/index.php\/zapis\/\" \/>\n<meta property=\"og:site_name\" content=\"msbudovatelu.cz\" \/>\n<meta property=\"article:publisher\" content=\"https:\/\/www.facebook.com\/MS.Budovatelu\" \/>\n<meta property=\"article:modified_time\" content=\"2026-04-28T06:31:58+00:00\" \/>\n<meta property=\"og:image\" content=\"https:\/\/www.msbudovatelu.cz\/wp-content\/uploads\/2026\/04\/VYSLEDKY-ZAPIS-jpg-920x1024.jpeg\" \/>\n<meta name=\"twitter:card\" content=\"summary_large_image\" \/>\n<meta name=\"twitter:label1\" content=\"Odhadovan\u00e1 doba \u010dten\u00ed\" \/>\n\t<meta name=\"twitter:data1\" content=\"1 minuta\" \/>\n<script type=\"application\/ld+json\" class=\"yoast-schema-graph\">{\"@context\":\"https:\/\/schema.org\",\"@graph\":[{\"@type\":\"Organization\",\"@id\":\"https:\/\/www.msbudovatelu.cz\/#organization\",\"name\":\"Mate\u0159sk\u00e1 \u0161kola Budovatel\u016f Hlinsko\",\"url\":\"https:\/\/www.msbudovatelu.cz\/\",\"sameAs\":[\"https:\/\/www.facebook.com\/MS.Budovatelu\"],\"logo\":{\"@type\":\"ImageObject\",\"inLanguage\":\"cs\",\"@id\":\"https:\/\/www.msbudovatelu.cz\/#\/schema\/logo\/image\/\",\"url\":\"https:\/\/www.msbudovatelu.cz\/wp-content\/uploads\/2021\/08\/logoMSBudovatelu.png\",\"contentUrl\":\"https:\/\/www.msbudovatelu.cz\/wp-content\/uploads\/2021\/08\/logoMSBudovatelu.png\",\"width\":940,\"height\":941,\"caption\":\"Mate\u0159sk\u00e1 \u0161kola Budovatel\u016f Hlinsko\"},\"image\":{\"@id\":\"https:\/\/www.msbudovatelu.cz\/#\/schema\/logo\/image\/\"}},{\"@type\":\"WebSite\",\"@id\":\"https:\/\/www.msbudovatelu.cz\/#website\",\"url\":\"https:\/\/www.msbudovatelu.cz\/\",\"name\":\"msbudovatelu.cz\",\"description\":\"Web mate\u0159sk\u00e9 \u0161koly budovatel\u016f v Hlinsku\",\"publisher\":{\"@id\":\"https:\/\/www.msbudovatelu.cz\/#organization\"},\"potentialAction\":[{\"@type\":\"SearchAction\",\"target\":{\"@type\":\"EntryPoint\",\"urlTemplate\":\"https:\/\/www.msbudovatelu.cz\/?s={search_term_string}\"},\"query-input\":\"required name=search_term_string\"}],\"inLanguage\":\"cs\"},{\"@type\":\"WebPage\",\"@id\":\"https:\/\/www.msbudovatelu.cz\/index.php\/zapis\/\",\"url\":\"https:\/\/www.msbudovatelu.cz\/index.php\/zapis\/\",\"name\":\"Z\u00e1pis 2026 - V\u00ddSLEDKY - msbudovatelu.cz\",\"isPartOf\":{\"@id\":\"https:\/\/www.msbudovatelu.cz\/#website\"},\"datePublished\":\"2022-03-29T17:59:25+00:00\",\"dateModified\":\"2026-04-28T06:31:58+00:00\",\"breadcrumb\":{\"@id\":\"https:\/\/www.msbudovatelu.cz\/index.php\/zapis\/#breadcrumb\"},\"inLanguage\":\"cs\",\"potentialAction\":[{\"@type\":\"ReadAction\",\"target\":[\"https:\/\/www.msbudovatelu.cz\/index.php\/zapis\/\"]}]},{\"@type\":\"BreadcrumbList\",\"@id\":\"https:\/\/www.msbudovatelu.cz\/index.php\/zapis\/#breadcrumb\",\"itemListElement\":[{\"@type\":\"ListItem\",\"position\":1,\"name\":\"Dom\u016f\",\"item\":\"https:\/\/www.msbudovatelu.cz\/\"},{\"@type\":\"ListItem\",\"position\":2,\"name\":\"Z\u00e1pis 2026 &#8211; V\u00ddSLEDKY\"}]}]}<\/script>\n<!-- \/ Yoast SEO plugin. -->","yoast_head_json":{"title":"Z\u00e1pis 2026 - V\u00ddSLEDKY - msbudovatelu.cz","robots":{"index":"index","follow":"follow","max-snippet":"max-snippet:-1","max-image-preview":"max-image-preview:large","max-video-preview":"max-video-preview:-1"},"canonical":"https:\/\/www.msbudovatelu.cz\/index.php\/zapis\/","og_locale":"cs_CZ","og_type":"article","og_title":"Z\u00e1pis 2026 - V\u00ddSLEDKY - msbudovatelu.cz","og_description":"z\u00e1pis 2026 V\u00e1\u017een\u00ed rodi\u010de, z\u00e1pis do M\u0160 se uskute\u010dn\u00ed v \u00fater\u00fd 14. dubna 2026 od 9.00 hod. do 16.00 hod. ve t\u0159\u00edd\u011b Pejsek a ko\u010di\u010dka (vchod od VESNY). Den otev\u0159en\u00fdch dve\u0159\u00ed prob\u011bhne ve st\u0159edu 11. b\u0159ezna 2026 v \u010dase 9.00 -11.00 hod. a 14.15-15.30 hod. Pro \u0161koln\u00ed rok 2026\/2027 budeme p\u0159ij\u00edmat 45 d\u011bt\u00ed ve v\u011bku [&hellip;]","og_url":"https:\/\/www.msbudovatelu.cz\/index.php\/zapis\/","og_site_name":"msbudovatelu.cz","article_publisher":"https:\/\/www.facebook.com\/MS.Budovatelu","article_modified_time":"2026-04-28T06:31:58+00:00","og_image":[{"url":"https:\/\/www.msbudovatelu.cz\/wp-content\/uploads\/2026\/04\/VYSLEDKY-ZAPIS-jpg-920x1024.jpeg"}],"twitter_card":"summary_large_image","twitter_misc":{"Odhadovan\u00e1 doba \u010dten\u00ed":"1 minuta"},"schema":{"@context":"https:\/\/schema.org","@graph":[{"@type":"Organization","@id":"https:\/\/www.msbudovatelu.cz\/#organization","name":"Mate\u0159sk\u00e1 \u0161kola Budovatel\u016f Hlinsko","url":"https:\/\/www.msbudovatelu.cz\/","sameAs":["https:\/\/www.facebook.com\/MS.Budovatelu"],"logo":{"@type":"ImageObject","inLanguage":"cs","@id":"https:\/\/www.msbudovatelu.cz\/#\/schema\/logo\/image\/","url":"https:\/\/www.msbudovatelu.cz\/wp-content\/uploads\/2021\/08\/logoMSBudovatelu.png","contentUrl":"https:\/\/www.msbudovatelu.cz\/wp-content\/uploads\/2021\/08\/logoMSBudovatelu.png","width":940,"height":941,"caption":"Mate\u0159sk\u00e1 \u0161kola Budovatel\u016f Hlinsko"},"image":{"@id":"https:\/\/www.msbudovatelu.cz\/#\/schema\/logo\/image\/"}},{"@type":"WebSite","@id":"https:\/\/www.msbudovatelu.cz\/#website","url":"https:\/\/www.msbudovatelu.cz\/","name":"msbudovatelu.cz","description":"Web mate\u0159sk\u00e9 \u0161koly budovatel\u016f v Hlinsku","publisher":{"@id":"https:\/\/www.msbudovatelu.cz\/#organization"},"potentialAction":[{"@type":"SearchAction","target":{"@type":"EntryPoint","urlTemplate":"https:\/\/www.msbudovatelu.cz\/?s={search_term_string}"},"query-input":"required name=search_term_string"}],"inLanguage":"cs"},{"@type":"WebPage","@id":"https:\/\/www.msbudovatelu.cz\/index.php\/zapis\/","url":"https:\/\/www.msbudovatelu.cz\/index.php\/zapis\/","name":"Z\u00e1pis 2026 - V\u00ddSLEDKY - msbudovatelu.cz","isPartOf":{"@id":"https:\/\/www.msbudovatelu.cz\/#website"},"datePublished":"2022-03-29T17:59:25+00:00","dateModified":"2026-04-28T06:31:58+00:00","breadcrumb":{"@id":"https:\/\/www.msbudovatelu.cz\/index.php\/zapis\/#breadcrumb"},"inLanguage":"cs","potentialAction":[{"@type":"ReadAction","target":["https:\/\/www.msbudovatelu.cz\/index.php\/zapis\/"]}]},{"@type":"BreadcrumbList","@id":"https:\/\/www.msbudovatelu.cz\/index.php\/zapis\/#breadcrumb","itemListElement":[{"@type":"ListItem","position":1,"name":"Dom\u016f","item":"https:\/\/www.msbudovatelu.cz\/"},{"@type":"ListItem","position":2,"name":"Z\u00e1pis 2026 &#8211; V\u00ddSLEDKY"}]}]}},"_links":{"self":[{"href":"https:\/\/www.msbudovatelu.cz\/index.php\/wp-json\/wp\/v2\/pages\/376"}],"collection":[{"href":"https:\/\/www.msbudovatelu.cz\/index.php\/wp-json\/wp\/v2\/pages"}],"about":[{"href":"https:\/\/www.msbudovatelu.cz\/index.php\/wp-json\/wp\/v2\/types\/page"}],"author":[{"embeddable":true,"href":"https:\/\/www.msbudovatelu.cz\/index.php\/wp-json\/wp\/v2\/users\/1"}],"replies":[{"embeddable":true,"href":"https:\/\/www.msbudovatelu.cz\/index.php\/wp-json\/wp\/v2\/comments?post=376"}],"version-history":[{"count":22,"href":"https:\/\/www.msbudovatelu.cz\/index.php\/wp-json\/wp\/v2\/pages\/376\/revisions"}],"predecessor-version":[{"id":1242,"href":"https:\/\/www.msbudovatelu.cz\/index.php\/wp-json\/wp\/v2\/pages\/376\/revisions\/1242"}],"wp:attachment":[{"href":"https:\/\/www.msbudovatelu.cz\/index.php\/wp-json\/wp\/v2\/media?parent=376"}],"curies":[{"name":"wp","href":"https:\/\/api.w.org\/{rel}","templated":true}]}}