{"id":77,"date":"2021-09-01T18:02:50","date_gmt":"2021-09-01T16:02:50","guid":{"rendered":"https:\/\/www.msbudovatelu.cz\/?page_id=77"},"modified":"2021-09-30T18:40:39","modified_gmt":"2021-09-30T16:40:39","slug":"o-skolce","status":"publish","type":"page","link":"https:\/\/www.msbudovatelu.cz\/index.php\/o-skolce\/","title":{"rendered":"O \u0161kole"},"content":{"rendered":"\n<h1>O \u0161kole<\/h1>\n\n\n\n<hr class=\"wp-block-separator is-style-wide\"\/>\n\n\n\n<p>Mate\u0159sk\u00e1 \u0161kola je s celodenn\u00edm provozem od 6.30 do 16.30 hodin. K dispozici je 6 t\u0159\u00edd, kdy ka\u017ed\u00e1 t\u0159\u00edda je uzav\u0159enou jednotkou (herna, um\u00fdv\u00e1rna, WC, \u00falo\u017en\u00e9 prostory pro leh\u00e1tka a pom\u016fcky).<\/p>\n\n\n\n<p>T\u0159\u00eddy jsou vybaven\u00e9 hra\u010dkami, didaktick\u00fdmi pom\u016fckami i obrazov\u00fdm materi\u00e1lem pro vzd\u011bl\u00e1v\u00e1n\u00ed. Nechyb\u00ed ani interaktivn\u00ed tabule, notebooky a tablety.<\/p>\n\n\n\n<p>Komplex budov M\u0160 je um\u00edst\u011bn na okraji s\u00eddli\u0161t\u011b stranou od hlavn\u00ed komunikace, uprost\u0159ed zahrady parkov\u00e9ho typu s \u0159adou vzrostl\u00fdch strom\u016f. \u0160kola byla postavena jako \u00fa\u010delov\u00e9 p\u0159ed\u0161koln\u00ed za\u0159\u00edzen\u00ed. Prvn\u00ed \u010d\u00e1st byla dokon\u010dena v roce 1968, druh\u00e1 v r. 1977. V roce 2015 byla kompletn\u011b zateplena a nov\u011b zrekonstruov\u00e1na, v roce 2016 byla provedena rekonstrukce chodn\u00edk\u016f v prostor\u00e1ch zahrady, v roce 2017 prob\u011bhla kompletn\u00ed rekonstrukce vody a v\u0161ech um\u00fdv\u00e1ren na star\u00e9 budov\u011b, rekonstrukce p\u0159\u00edpravn\u00fdch kuchyn\u011bk pro vyd\u00e1v\u00e1n\u00ed j\u00eddla a tak\u00e9 komplexn\u00ed rekonstrukce kuchyn\u011b.<\/p>\n\n\n\n<p>Na zahrad\u011b jsou sestavy pr\u016flezek se skluzavkami, dome\u010dek pro d\u011bti, houpa\u010dky, vl\u00e1\u010dek a dal\u0161\u00ed. Je zde 6 p\u00edskovi\u0161\u0165, zahradn\u00ed domek a gar\u00e1\u017e na hra\u010dky. Rovn\u011b\u017e nov\u00e9 v\u00edce\u00fa\u010delov\u00e9 h\u0159i\u0161t\u011b. Pro hry d\u011bt\u00ed jsou vyu\u017e\u00edv\u00e1ny balkony, d\u011btsk\u00e1 h\u0159i\u0161t\u011b, velk\u00e1 magnetick\u00e1 tabule, nad n\u00ed\u017e je basketbalov\u00fd ko\u0161.<\/p>\n\n\n\n<p>Sou\u010d\u00e1st\u00ed mate\u0159sk\u00e9 \u0161koly je \u0161koln\u00ed j\u00eddelna, kde se pod\u00e1v\u00e1 j\u00eddlo z vlastn\u00ed kuchyn\u011b. Pro vyd\u00e1v\u00e1n\u00ed stravy slou\u017e\u00ed p\u0159\u00edpravn\u00e9 kuchy\u0148ky. V M\u0160 je i pr\u00e1delna.<\/p>\n\n\n\n<h2>Ve v\u00fdchov\u011b a vzd\u011bl\u00e1v\u00e1n\u00ed d\u011bt\u00ed:<\/h2>\n\n\n\n<p>&#8211; vyu\u017e\u00edv\u00e1me prvk\u016f tvo\u0159iv\u00e9 dramatiky, duchovn\u00ed a smyslov\u00e9 v\u00fdchovy, praktick\u00e9 zku\u0161enosti, pro\u017eitkov\u00e9 u\u010den\u00ed, experimentov\u00e1n\u00ed a projektov\u00e9 u\u010den\u00ed ve spojen\u00ed s ro\u010dn\u00edmi obdob\u00edmi;<\/p>\n\n\n\n<p>&#8211; vych\u00e1z\u00edme z p\u0159\u00edm\u00fdch z\u00e1\u017eitk\u016f d\u00edt\u011bte, z jeho samostatn\u00e9 \u010dinnosti a individu\u00e1ln\u00ed volby, d\u011btsk\u00e9 zv\u00eddavosti a pot\u0159ebn\u00e9 touhy objevovat;<\/p>\n\n\n\n<p>&#8211; db\u00e1me, aby d\u011bti pro\u017e\u00edvaly uspokojen\u00ed z \u00fasp\u011bchu a p\u0159ekon\u00e1v\u00e1n\u00ed p\u0159ek\u00e1\u017eek a aby sebe vn\u00edmaly jako schopn\u00e9ho a plnohodnotn\u00e9ho jedince, kter\u00fd je uzn\u00e1v\u00e1n sv\u00fdm okol\u00edm;<\/p>\n\n\n\n<p>&#8211; aby \u010das, pro\u017eit\u00fd v mate\u0159sk\u00e9 \u0161kole, byl pro d\u00edt\u011b radost\u00ed, p\u0159\u00edjemnou zku\u0161enost\u00ed a zdrojem dobr\u00fdch z\u00e1klad\u016f do \u017eivota i vzd\u011bl\u00e1v\u00e1n\u00ed;<\/p>\n\n\n\n<p>&#8211; probouz\u00edme v d\u011btech aktivn\u00ed z\u00e1jem a chu\u0165 d\u00edvat se kolem sebe, naslouchat a objevovat i odvahu uk\u00e1zat, co v\u0161echno u\u017e samo um\u00ed, zvl\u00e1dne i dok\u00e1\u017ee.<\/p>\n\n\n\n<h2>Na\u0161im c\u00edlem je:<\/h2>\n\n\n\n<p>&#8211; aby d\u011bti, kter\u00e9 mate\u0159skou \u0161kolu opou\u0161t\u011bj\u00ed, byly skute\u010dnou jedine\u010dnou osobnost\u00ed vzhledem ke sv\u00e9mu v\u011bku a individu\u00e1ln\u00edm mo\u017enostem co nejv\u00edce samostatn\u00e9, sebev\u011bdom\u00e9 a sebejist\u00e9, s vlastn\u00edm rozumem, schopn\u00e9 d\u00edvat se kolem sebe, uva\u017eovat, tvo\u0159iv\u011b p\u0159em\u00fd\u0161let a jednat;<\/p>\n\n\n\n<p>&#8211; aby z d\u011bt\u00ed vyr\u016fstali jedinci na sv\u00e9 \u00farovni p\u0159izp\u016fsobiv\u00ed, odv\u00e1\u017en\u00ed a tak\u00e9 zodpov\u011bdn\u00ed, ochotn\u00ed nejen p\u0159ij\u00edmat ale tak\u00e9 d\u00e1vat, schopni se d\u00e1le rozv\u00edjet, u\u010dit se v\u0161emu, co bude v \u017eivot\u011b pot\u0159ebovat a aktivn\u011b \u010delit probl\u00e9m\u016f, kter\u00e9 \u017eivot p\u0159in\u00e1\u0161\u00ed.<\/p>\n\n\n\n<h2>Zam\u011b\u0159ujeme se na:<\/h2>\n\n\n\n<p>&#8211; harmonick\u00fd rozvoj a zdrav\u00ed d\u00edt\u011bte, jeho pohodu a spokojenost;<\/p>\n\n\n\n<p>&#8211; \u0159e\u010d d\u00edt\u011bte, cvi\u010d\u00edme jeho schopnosti a dovednosti, kter\u00e9 mu usnad\u0148uj\u00ed proces jeho dal\u0161\u00edho rozvoje a u\u010den\u00ed;<\/p>\n\n\n\n<p>&#8211; p\u0159isp\u00edv\u00e1n\u00ed k element\u00e1rn\u00edmu d\u011btsk\u00e9mu ch\u00e1p\u00e1n\u00ed v\u00fdvoje, pohybu a prom\u011bn, schopnosti p\u0159izp\u016fsobit se;<\/p>\n\n\n\n<p>&#8211; rozv\u00edjen\u00ed schopnost\u00ed d\u00edt\u011bte p\u0159em\u00fd\u0161let a rozhodovat se, v\u0161echny pozn\u00e1vac\u00ed a kreativn\u00ed schopnosti, fantazii, z\u00e1jmy a nad\u00e1n\u00ed;<\/p>\n\n\n\n<p>&#8211; d\u00e1v\u00e1n\u00ed mo\u017enosti pozn\u00e1vat takov\u00e9 hodnoty, jako je nedotknutelnost lidsk\u00fdch pr\u00e1v, svoboda, rovnost v\u0161ech lid\u00ed, souc\u00edt\u011bn\u00ed se slab\u00fdmi a ohro\u017een\u00fdmi, p\u00e9\u010de a pomoc druh\u00fdm;<\/p>\n\n\n\n<p>&#8211; v rozsahu d\u011btsk\u00fdch mo\u017enost\u00ed p\u0159isp\u00edv\u00e1n\u00ed k p\u0159ed\u00e1v\u00e1n\u00ed kulturn\u00edho d\u011bdictv\u00ed, jeho hodnot a tradic na\u0161eho n\u00e1roda.<\/p>\n","protected":false},"excerpt":{"rendered":"<p>O \u0161kole Mate\u0159sk\u00e1 \u0161kola je s celodenn\u00edm provozem od 6.30 do 16.30 hodin. K dispozici je 6 t\u0159\u00edd, kdy ka\u017ed\u00e1 t\u0159\u00edda je uzav\u0159enou jednotkou (herna, um\u00fdv\u00e1rna, WC, \u00falo\u017en\u00e9 prostory pro leh\u00e1tka a pom\u016fcky). T\u0159\u00eddy jsou vybaven\u00e9 hra\u010dkami, didaktick\u00fdmi pom\u016fckami i obrazov\u00fdm materi\u00e1lem pro vzd\u011bl\u00e1v\u00e1n\u00ed. Nechyb\u00ed ani interaktivn\u00ed tabule, notebooky a tablety. Komplex budov M\u0160 je [&hellip;]<\/p>\n","protected":false},"author":1,"featured_media":0,"parent":0,"menu_order":0,"comment_status":"closed","ping_status":"closed","template":"","meta":[],"yoast_head":"<!-- This site is optimized with the Yoast SEO plugin v19.4 - https:\/\/yoast.com\/wordpress\/plugins\/seo\/ -->\n<title>O \u0161kole - msbudovatelu.cz<\/title>\n<meta name=\"robots\" content=\"index, follow, max-snippet:-1, max-image-preview:large, max-video-preview:-1\" \/>\n<link rel=\"canonical\" href=\"https:\/\/www.msbudovatelu.cz\/index.php\/o-skolce\/\" \/>\n<meta property=\"og:locale\" content=\"cs_CZ\" \/>\n<meta property=\"og:type\" content=\"article\" \/>\n<meta property=\"og:title\" content=\"O \u0161kole - msbudovatelu.cz\" \/>\n<meta property=\"og:description\" content=\"O \u0161kole Mate\u0159sk\u00e1 \u0161kola je s celodenn\u00edm provozem od 6.30 do 16.30 hodin. K dispozici je 6 t\u0159\u00edd, kdy ka\u017ed\u00e1 t\u0159\u00edda je uzav\u0159enou jednotkou (herna, um\u00fdv\u00e1rna, WC, \u00falo\u017en\u00e9 prostory pro leh\u00e1tka a pom\u016fcky). T\u0159\u00eddy jsou vybaven\u00e9 hra\u010dkami, didaktick\u00fdmi pom\u016fckami i obrazov\u00fdm materi\u00e1lem pro vzd\u011bl\u00e1v\u00e1n\u00ed. Nechyb\u00ed ani interaktivn\u00ed tabule, notebooky a tablety. Komplex budov M\u0160 je [&hellip;]\" \/>\n<meta property=\"og:url\" content=\"https:\/\/www.msbudovatelu.cz\/index.php\/o-skolce\/\" \/>\n<meta property=\"og:site_name\" content=\"msbudovatelu.cz\" \/>\n<meta property=\"article:publisher\" content=\"https:\/\/www.facebook.com\/MS.Budovatelu\" \/>\n<meta property=\"article:modified_time\" content=\"2021-09-30T16:40:39+00:00\" \/>\n<meta property=\"og:image\" content=\"https:\/\/www.msbudovatelu.cz\/wp-content\/uploads\/2021\/08\/logoMSBudovatelu.png\" \/>\n\t<meta property=\"og:image:width\" content=\"940\" \/>\n\t<meta property=\"og:image:height\" content=\"941\" \/>\n\t<meta property=\"og:image:type\" content=\"image\/png\" \/>\n<meta name=\"twitter:card\" content=\"summary_large_image\" \/>\n<meta name=\"twitter:label1\" content=\"Odhadovan\u00e1 doba \u010dten\u00ed\" \/>\n\t<meta name=\"twitter:data1\" content=\"4 minuty\" \/>\n<script type=\"application\/ld+json\" class=\"yoast-schema-graph\">{\"@context\":\"https:\/\/schema.org\",\"@graph\":[{\"@type\":\"Organization\",\"@id\":\"https:\/\/www.msbudovatelu.cz\/#organization\",\"name\":\"Mate\u0159sk\u00e1 \u0161kola Budovatel\u016f Hlinsko\",\"url\":\"https:\/\/www.msbudovatelu.cz\/\",\"sameAs\":[\"https:\/\/www.facebook.com\/MS.Budovatelu\"],\"logo\":{\"@type\":\"ImageObject\",\"inLanguage\":\"cs\",\"@id\":\"https:\/\/www.msbudovatelu.cz\/#\/schema\/logo\/image\/\",\"url\":\"https:\/\/www.msbudovatelu.cz\/wp-content\/uploads\/2021\/08\/logoMSBudovatelu.png\",\"contentUrl\":\"https:\/\/www.msbudovatelu.cz\/wp-content\/uploads\/2021\/08\/logoMSBudovatelu.png\",\"width\":940,\"height\":941,\"caption\":\"Mate\u0159sk\u00e1 \u0161kola Budovatel\u016f Hlinsko\"},\"image\":{\"@id\":\"https:\/\/www.msbudovatelu.cz\/#\/schema\/logo\/image\/\"}},{\"@type\":\"WebSite\",\"@id\":\"https:\/\/www.msbudovatelu.cz\/#website\",\"url\":\"https:\/\/www.msbudovatelu.cz\/\",\"name\":\"msbudovatelu.cz\",\"description\":\"Web mate\u0159sk\u00e9 \u0161koly budovatel\u016f v Hlinsku\",\"publisher\":{\"@id\":\"https:\/\/www.msbudovatelu.cz\/#organization\"},\"potentialAction\":[{\"@type\":\"SearchAction\",\"target\":{\"@type\":\"EntryPoint\",\"urlTemplate\":\"https:\/\/www.msbudovatelu.cz\/?s={search_term_string}\"},\"query-input\":\"required name=search_term_string\"}],\"inLanguage\":\"cs\"},{\"@type\":\"WebPage\",\"@id\":\"https:\/\/www.msbudovatelu.cz\/index.php\/o-skolce\/\",\"url\":\"https:\/\/www.msbudovatelu.cz\/index.php\/o-skolce\/\",\"name\":\"O \u0161kole - msbudovatelu.cz\",\"isPartOf\":{\"@id\":\"https:\/\/www.msbudovatelu.cz\/#website\"},\"datePublished\":\"2021-09-01T16:02:50+00:00\",\"dateModified\":\"2021-09-30T16:40:39+00:00\",\"breadcrumb\":{\"@id\":\"https:\/\/www.msbudovatelu.cz\/index.php\/o-skolce\/#breadcrumb\"},\"inLanguage\":\"cs\",\"potentialAction\":[{\"@type\":\"ReadAction\",\"target\":[\"https:\/\/www.msbudovatelu.cz\/index.php\/o-skolce\/\"]}]},{\"@type\":\"BreadcrumbList\",\"@id\":\"https:\/\/www.msbudovatelu.cz\/index.php\/o-skolce\/#breadcrumb\",\"itemListElement\":[{\"@type\":\"ListItem\",\"position\":1,\"name\":\"Dom\u016f\",\"item\":\"https:\/\/www.msbudovatelu.cz\/\"},{\"@type\":\"ListItem\",\"position\":2,\"name\":\"O \u0161kole\"}]}]}<\/script>\n<!-- \/ Yoast SEO plugin. -->","yoast_head_json":{"title":"O \u0161kole - msbudovatelu.cz","robots":{"index":"index","follow":"follow","max-snippet":"max-snippet:-1","max-image-preview":"max-image-preview:large","max-video-preview":"max-video-preview:-1"},"canonical":"https:\/\/www.msbudovatelu.cz\/index.php\/o-skolce\/","og_locale":"cs_CZ","og_type":"article","og_title":"O \u0161kole - msbudovatelu.cz","og_description":"O \u0161kole Mate\u0159sk\u00e1 \u0161kola je s celodenn\u00edm provozem od 6.30 do 16.30 hodin. K dispozici je 6 t\u0159\u00edd, kdy ka\u017ed\u00e1 t\u0159\u00edda je uzav\u0159enou jednotkou (herna, um\u00fdv\u00e1rna, WC, \u00falo\u017en\u00e9 prostory pro leh\u00e1tka a pom\u016fcky). T\u0159\u00eddy jsou vybaven\u00e9 hra\u010dkami, didaktick\u00fdmi pom\u016fckami i obrazov\u00fdm materi\u00e1lem pro vzd\u011bl\u00e1v\u00e1n\u00ed. Nechyb\u00ed ani interaktivn\u00ed tabule, notebooky a tablety. Komplex budov M\u0160 je [&hellip;]","og_url":"https:\/\/www.msbudovatelu.cz\/index.php\/o-skolce\/","og_site_name":"msbudovatelu.cz","article_publisher":"https:\/\/www.facebook.com\/MS.Budovatelu","article_modified_time":"2021-09-30T16:40:39+00:00","og_image":[{"width":940,"height":941,"url":"https:\/\/www.msbudovatelu.cz\/wp-content\/uploads\/2021\/08\/logoMSBudovatelu.png","type":"image\/png"}],"twitter_card":"summary_large_image","twitter_misc":{"Odhadovan\u00e1 doba \u010dten\u00ed":"4 minuty"},"schema":{"@context":"https:\/\/schema.org","@graph":[{"@type":"Organization","@id":"https:\/\/www.msbudovatelu.cz\/#organization","name":"Mate\u0159sk\u00e1 \u0161kola Budovatel\u016f Hlinsko","url":"https:\/\/www.msbudovatelu.cz\/","sameAs":["https:\/\/www.facebook.com\/MS.Budovatelu"],"logo":{"@type":"ImageObject","inLanguage":"cs","@id":"https:\/\/www.msbudovatelu.cz\/#\/schema\/logo\/image\/","url":"https:\/\/www.msbudovatelu.cz\/wp-content\/uploads\/2021\/08\/logoMSBudovatelu.png","contentUrl":"https:\/\/www.msbudovatelu.cz\/wp-content\/uploads\/2021\/08\/logoMSBudovatelu.png","width":940,"height":941,"caption":"Mate\u0159sk\u00e1 \u0161kola Budovatel\u016f Hlinsko"},"image":{"@id":"https:\/\/www.msbudovatelu.cz\/#\/schema\/logo\/image\/"}},{"@type":"WebSite","@id":"https:\/\/www.msbudovatelu.cz\/#website","url":"https:\/\/www.msbudovatelu.cz\/","name":"msbudovatelu.cz","description":"Web mate\u0159sk\u00e9 \u0161koly budovatel\u016f v Hlinsku","publisher":{"@id":"https:\/\/www.msbudovatelu.cz\/#organization"},"potentialAction":[{"@type":"SearchAction","target":{"@type":"EntryPoint","urlTemplate":"https:\/\/www.msbudovatelu.cz\/?s={search_term_string}"},"query-input":"required name=search_term_string"}],"inLanguage":"cs"},{"@type":"WebPage","@id":"https:\/\/www.msbudovatelu.cz\/index.php\/o-skolce\/","url":"https:\/\/www.msbudovatelu.cz\/index.php\/o-skolce\/","name":"O \u0161kole - msbudovatelu.cz","isPartOf":{"@id":"https:\/\/www.msbudovatelu.cz\/#website"},"datePublished":"2021-09-01T16:02:50+00:00","dateModified":"2021-09-30T16:40:39+00:00","breadcrumb":{"@id":"https:\/\/www.msbudovatelu.cz\/index.php\/o-skolce\/#breadcrumb"},"inLanguage":"cs","potentialAction":[{"@type":"ReadAction","target":["https:\/\/www.msbudovatelu.cz\/index.php\/o-skolce\/"]}]},{"@type":"BreadcrumbList","@id":"https:\/\/www.msbudovatelu.cz\/index.php\/o-skolce\/#breadcrumb","itemListElement":[{"@type":"ListItem","position":1,"name":"Dom\u016f","item":"https:\/\/www.msbudovatelu.cz\/"},{"@type":"ListItem","position":2,"name":"O \u0161kole"}]}]}},"_links":{"self":[{"href":"https:\/\/www.msbudovatelu.cz\/index.php\/wp-json\/wp\/v2\/pages\/77"}],"collection":[{"href":"https:\/\/www.msbudovatelu.cz\/index.php\/wp-json\/wp\/v2\/pages"}],"about":[{"href":"https:\/\/www.msbudovatelu.cz\/index.php\/wp-json\/wp\/v2\/types\/page"}],"author":[{"embeddable":true,"href":"https:\/\/www.msbudovatelu.cz\/index.php\/wp-json\/wp\/v2\/users\/1"}],"replies":[{"embeddable":true,"href":"https:\/\/www.msbudovatelu.cz\/index.php\/wp-json\/wp\/v2\/comments?post=77"}],"version-history":[{"count":5,"href":"https:\/\/www.msbudovatelu.cz\/index.php\/wp-json\/wp\/v2\/pages\/77\/revisions"}],"predecessor-version":[{"id":276,"href":"https:\/\/www.msbudovatelu.cz\/index.php\/wp-json\/wp\/v2\/pages\/77\/revisions\/276"}],"wp:attachment":[{"href":"https:\/\/www.msbudovatelu.cz\/index.php\/wp-json\/wp\/v2\/media?parent=77"}],"curies":[{"name":"wp","href":"https:\/\/api.w.org\/{rel}","templated":true}]}}