{"id":860,"date":"2024-10-11T01:14:01","date_gmt":"2024-10-10T23:14:01","guid":{"rendered":"https:\/\/www.msbudovatelu.cz\/?page_id=860"},"modified":"2024-10-11T01:16:08","modified_gmt":"2024-10-10T23:16:08","slug":"ukonceni-dochazky-v-ms-2","status":"publish","type":"page","link":"https:\/\/www.msbudovatelu.cz\/index.php\/ukonceni-dochazky-v-ms-2\/","title":{"rendered":"Ukon\u010den\u00ed doch\u00e1zky v M\u0160"},"content":{"rendered":"\n<p><strong>A. UKON\u010cEN\u00cd DOCH\u00c1ZKY KV\u016eLI ODCHODU NA Z\u00c1KLADN\u00cd \u0160KOLU<\/strong><\/p>\n\n\n\n<p>Doch\u00e1zka do \u0161kolky kon\u010d\u00ed dne 31.8. v roce, kdy d\u00edt\u011b dovr\u0161\u00ed v\u011bk 6 let. Povinnost\u00ed rodi\u010de je k 31.8. dan\u00e9ho roku vyrovnat ve\u0161ker\u00e9 finan\u010dn\u00ed z\u00e1vazky v\u016f\u010di mate\u0159sk\u00e9 \u0161kole, zejm\u00e9na v oblasti \u00fahrad stravn\u00e9ho.<\/p>\n\n\n\n<p><strong>B. ODKLAD \u0160KOLN\u00cd DOCH\u00c1ZKY<\/strong><\/p>\n\n\n\n<p>Pokud d\u00edt\u011b neodch\u00e1z\u00ed ve sv\u00fdch \u0161esti letech na z\u00e1kladn\u00ed \u0161kolu, hovo\u0159\u00edme o odkladu \u0161koln\u00ed doch\u00e1zky. K tomuto pot\u0159ebuje vy\u0161et\u0159en\u00ed z pedagogicko-psychologick\u00e9 poradny. D\u011bti s odkladem (dolo\u017e\u00ed Rozhodnut\u00ed o odkladu ze Z\u0160) mohou pokra\u010dovat v M\u0160 nebo v p\u0159\u00edpravn\u00e9 t\u0159\u00edd\u011b Z\u0160. Na konci \u201codkladov\u00e9ho\u201d roku postupuje rodi\u010d shodn\u011b jako v bodu A.<\/p>\n\n\n\n<p><strong>C. UKON\u010cEN\u00cd DOCH\u00c1ZKY V PR\u016eB\u011aHU \u0160KOLN\u00cdHO ROKU<\/strong><\/p>\n\n\n\n<p>Ukon\u010duje-li rodi\u010d doch\u00e1zku d\u00edt\u011bte v pr\u016fb\u011bhu \u0161koln\u00edho roku nap\u0159. z d\u016fvodu st\u011bhov\u00e1n\u00ed, mus\u00ed s \u0159editelkou \u0161koly sepsat tzv. \u017d\u00c1DOST O UKON\u010cEN\u00cd P\u0158ED\u0160KOLN\u00cdHO VZD\u011aL\u00c1V\u00c1N\u00cd. <\/p>\n\n\n\n<p><a href=\"https:\/\/www.msbudovatelu.cz\/wp-content\/uploads\/2024\/10\/Zadost-o-ukonceni-predskolniho-vzdelavani.pdf\" target=\"_blank\" rel=\"noreferrer noopener\">\u017d\u00e1dost o ukon\u010den\u00ed doch\u00e1zky do M\u0160.pdf <\/a><\/p>\n\n\n\n<p><\/p>\n","protected":false},"excerpt":{"rendered":"<p>A. UKON\u010cEN\u00cd DOCH\u00c1ZKY KV\u016eLI ODCHODU NA Z\u00c1KLADN\u00cd \u0160KOLU Doch\u00e1zka do \u0161kolky kon\u010d\u00ed dne 31.8. v roce, kdy d\u00edt\u011b dovr\u0161\u00ed v\u011bk 6 let. Povinnost\u00ed rodi\u010de je k 31.8. dan\u00e9ho roku vyrovnat ve\u0161ker\u00e9 finan\u010dn\u00ed z\u00e1vazky v\u016f\u010di mate\u0159sk\u00e9 \u0161kole, zejm\u00e9na v oblasti \u00fahrad stravn\u00e9ho. B. ODKLAD \u0160KOLN\u00cd DOCH\u00c1ZKY Pokud d\u00edt\u011b neodch\u00e1z\u00ed ve sv\u00fdch \u0161esti letech na z\u00e1kladn\u00ed \u0161kolu, [&hellip;]<\/p>\n","protected":false},"author":1,"featured_media":0,"parent":0,"menu_order":0,"comment_status":"closed","ping_status":"closed","template":"","meta":[],"yoast_head":"<!-- This site is optimized with the Yoast SEO plugin v19.4 - https:\/\/yoast.com\/wordpress\/plugins\/seo\/ -->\n<title>Ukon\u010den\u00ed doch\u00e1zky v M\u0160 - msbudovatelu.cz<\/title>\n<meta name=\"robots\" content=\"index, follow, max-snippet:-1, max-image-preview:large, max-video-preview:-1\" \/>\n<link rel=\"canonical\" href=\"https:\/\/www.msbudovatelu.cz\/index.php\/ukonceni-dochazky-v-ms-2\/\" \/>\n<meta property=\"og:locale\" content=\"cs_CZ\" \/>\n<meta property=\"og:type\" content=\"article\" \/>\n<meta property=\"og:title\" content=\"Ukon\u010den\u00ed doch\u00e1zky v M\u0160 - msbudovatelu.cz\" \/>\n<meta property=\"og:description\" content=\"A. UKON\u010cEN\u00cd DOCH\u00c1ZKY KV\u016eLI ODCHODU NA Z\u00c1KLADN\u00cd \u0160KOLU Doch\u00e1zka do \u0161kolky kon\u010d\u00ed dne 31.8. v roce, kdy d\u00edt\u011b dovr\u0161\u00ed v\u011bk 6 let. Povinnost\u00ed rodi\u010de je k 31.8. dan\u00e9ho roku vyrovnat ve\u0161ker\u00e9 finan\u010dn\u00ed z\u00e1vazky v\u016f\u010di mate\u0159sk\u00e9 \u0161kole, zejm\u00e9na v oblasti \u00fahrad stravn\u00e9ho. B. ODKLAD \u0160KOLN\u00cd DOCH\u00c1ZKY Pokud d\u00edt\u011b neodch\u00e1z\u00ed ve sv\u00fdch \u0161esti letech na z\u00e1kladn\u00ed \u0161kolu, [&hellip;]\" \/>\n<meta property=\"og:url\" content=\"https:\/\/www.msbudovatelu.cz\/index.php\/ukonceni-dochazky-v-ms-2\/\" \/>\n<meta property=\"og:site_name\" content=\"msbudovatelu.cz\" \/>\n<meta property=\"article:publisher\" content=\"https:\/\/www.facebook.com\/MS.Budovatelu\" \/>\n<meta property=\"article:modified_time\" content=\"2024-10-10T23:16:08+00:00\" \/>\n<meta property=\"og:image\" content=\"https:\/\/www.msbudovatelu.cz\/wp-content\/uploads\/2021\/08\/logoMSBudovatelu.png\" \/>\n\t<meta property=\"og:image:width\" content=\"940\" \/>\n\t<meta property=\"og:image:height\" content=\"941\" \/>\n\t<meta property=\"og:image:type\" content=\"image\/png\" \/>\n<meta name=\"twitter:card\" content=\"summary_large_image\" \/>\n<meta name=\"twitter:label1\" content=\"Odhadovan\u00e1 doba \u010dten\u00ed\" \/>\n\t<meta name=\"twitter:data1\" content=\"1 minuta\" \/>\n<script type=\"application\/ld+json\" class=\"yoast-schema-graph\">{\"@context\":\"https:\/\/schema.org\",\"@graph\":[{\"@type\":\"Organization\",\"@id\":\"https:\/\/www.msbudovatelu.cz\/#organization\",\"name\":\"Mate\u0159sk\u00e1 \u0161kola Budovatel\u016f Hlinsko\",\"url\":\"https:\/\/www.msbudovatelu.cz\/\",\"sameAs\":[\"https:\/\/www.facebook.com\/MS.Budovatelu\"],\"logo\":{\"@type\":\"ImageObject\",\"inLanguage\":\"cs\",\"@id\":\"https:\/\/www.msbudovatelu.cz\/#\/schema\/logo\/image\/\",\"url\":\"https:\/\/www.msbudovatelu.cz\/wp-content\/uploads\/2021\/08\/logoMSBudovatelu.png\",\"contentUrl\":\"https:\/\/www.msbudovatelu.cz\/wp-content\/uploads\/2021\/08\/logoMSBudovatelu.png\",\"width\":940,\"height\":941,\"caption\":\"Mate\u0159sk\u00e1 \u0161kola Budovatel\u016f Hlinsko\"},\"image\":{\"@id\":\"https:\/\/www.msbudovatelu.cz\/#\/schema\/logo\/image\/\"}},{\"@type\":\"WebSite\",\"@id\":\"https:\/\/www.msbudovatelu.cz\/#website\",\"url\":\"https:\/\/www.msbudovatelu.cz\/\",\"name\":\"msbudovatelu.cz\",\"description\":\"Web mate\u0159sk\u00e9 \u0161koly budovatel\u016f v Hlinsku\",\"publisher\":{\"@id\":\"https:\/\/www.msbudovatelu.cz\/#organization\"},\"potentialAction\":[{\"@type\":\"SearchAction\",\"target\":{\"@type\":\"EntryPoint\",\"urlTemplate\":\"https:\/\/www.msbudovatelu.cz\/?s={search_term_string}\"},\"query-input\":\"required name=search_term_string\"}],\"inLanguage\":\"cs\"},{\"@type\":\"WebPage\",\"@id\":\"https:\/\/www.msbudovatelu.cz\/index.php\/ukonceni-dochazky-v-ms-2\/\",\"url\":\"https:\/\/www.msbudovatelu.cz\/index.php\/ukonceni-dochazky-v-ms-2\/\",\"name\":\"Ukon\u010den\u00ed doch\u00e1zky v M\u0160 - msbudovatelu.cz\",\"isPartOf\":{\"@id\":\"https:\/\/www.msbudovatelu.cz\/#website\"},\"datePublished\":\"2024-10-10T23:14:01+00:00\",\"dateModified\":\"2024-10-10T23:16:08+00:00\",\"breadcrumb\":{\"@id\":\"https:\/\/www.msbudovatelu.cz\/index.php\/ukonceni-dochazky-v-ms-2\/#breadcrumb\"},\"inLanguage\":\"cs\",\"potentialAction\":[{\"@type\":\"ReadAction\",\"target\":[\"https:\/\/www.msbudovatelu.cz\/index.php\/ukonceni-dochazky-v-ms-2\/\"]}]},{\"@type\":\"BreadcrumbList\",\"@id\":\"https:\/\/www.msbudovatelu.cz\/index.php\/ukonceni-dochazky-v-ms-2\/#breadcrumb\",\"itemListElement\":[{\"@type\":\"ListItem\",\"position\":1,\"name\":\"Dom\u016f\",\"item\":\"https:\/\/www.msbudovatelu.cz\/\"},{\"@type\":\"ListItem\",\"position\":2,\"name\":\"Ukon\u010den\u00ed doch\u00e1zky v M\u0160\"}]}]}<\/script>\n<!-- \/ Yoast SEO plugin. -->","yoast_head_json":{"title":"Ukon\u010den\u00ed doch\u00e1zky v M\u0160 - msbudovatelu.cz","robots":{"index":"index","follow":"follow","max-snippet":"max-snippet:-1","max-image-preview":"max-image-preview:large","max-video-preview":"max-video-preview:-1"},"canonical":"https:\/\/www.msbudovatelu.cz\/index.php\/ukonceni-dochazky-v-ms-2\/","og_locale":"cs_CZ","og_type":"article","og_title":"Ukon\u010den\u00ed doch\u00e1zky v M\u0160 - msbudovatelu.cz","og_description":"A. UKON\u010cEN\u00cd DOCH\u00c1ZKY KV\u016eLI ODCHODU NA Z\u00c1KLADN\u00cd \u0160KOLU Doch\u00e1zka do \u0161kolky kon\u010d\u00ed dne 31.8. v roce, kdy d\u00edt\u011b dovr\u0161\u00ed v\u011bk 6 let. Povinnost\u00ed rodi\u010de je k 31.8. dan\u00e9ho roku vyrovnat ve\u0161ker\u00e9 finan\u010dn\u00ed z\u00e1vazky v\u016f\u010di mate\u0159sk\u00e9 \u0161kole, zejm\u00e9na v oblasti \u00fahrad stravn\u00e9ho. B. ODKLAD \u0160KOLN\u00cd DOCH\u00c1ZKY Pokud d\u00edt\u011b neodch\u00e1z\u00ed ve sv\u00fdch \u0161esti letech na z\u00e1kladn\u00ed \u0161kolu, [&hellip;]","og_url":"https:\/\/www.msbudovatelu.cz\/index.php\/ukonceni-dochazky-v-ms-2\/","og_site_name":"msbudovatelu.cz","article_publisher":"https:\/\/www.facebook.com\/MS.Budovatelu","article_modified_time":"2024-10-10T23:16:08+00:00","og_image":[{"width":940,"height":941,"url":"https:\/\/www.msbudovatelu.cz\/wp-content\/uploads\/2021\/08\/logoMSBudovatelu.png","type":"image\/png"}],"twitter_card":"summary_large_image","twitter_misc":{"Odhadovan\u00e1 doba \u010dten\u00ed":"1 minuta"},"schema":{"@context":"https:\/\/schema.org","@graph":[{"@type":"Organization","@id":"https:\/\/www.msbudovatelu.cz\/#organization","name":"Mate\u0159sk\u00e1 \u0161kola Budovatel\u016f Hlinsko","url":"https:\/\/www.msbudovatelu.cz\/","sameAs":["https:\/\/www.facebook.com\/MS.Budovatelu"],"logo":{"@type":"ImageObject","inLanguage":"cs","@id":"https:\/\/www.msbudovatelu.cz\/#\/schema\/logo\/image\/","url":"https:\/\/www.msbudovatelu.cz\/wp-content\/uploads\/2021\/08\/logoMSBudovatelu.png","contentUrl":"https:\/\/www.msbudovatelu.cz\/wp-content\/uploads\/2021\/08\/logoMSBudovatelu.png","width":940,"height":941,"caption":"Mate\u0159sk\u00e1 \u0161kola Budovatel\u016f Hlinsko"},"image":{"@id":"https:\/\/www.msbudovatelu.cz\/#\/schema\/logo\/image\/"}},{"@type":"WebSite","@id":"https:\/\/www.msbudovatelu.cz\/#website","url":"https:\/\/www.msbudovatelu.cz\/","name":"msbudovatelu.cz","description":"Web mate\u0159sk\u00e9 \u0161koly budovatel\u016f v Hlinsku","publisher":{"@id":"https:\/\/www.msbudovatelu.cz\/#organization"},"potentialAction":[{"@type":"SearchAction","target":{"@type":"EntryPoint","urlTemplate":"https:\/\/www.msbudovatelu.cz\/?s={search_term_string}"},"query-input":"required name=search_term_string"}],"inLanguage":"cs"},{"@type":"WebPage","@id":"https:\/\/www.msbudovatelu.cz\/index.php\/ukonceni-dochazky-v-ms-2\/","url":"https:\/\/www.msbudovatelu.cz\/index.php\/ukonceni-dochazky-v-ms-2\/","name":"Ukon\u010den\u00ed doch\u00e1zky v M\u0160 - msbudovatelu.cz","isPartOf":{"@id":"https:\/\/www.msbudovatelu.cz\/#website"},"datePublished":"2024-10-10T23:14:01+00:00","dateModified":"2024-10-10T23:16:08+00:00","breadcrumb":{"@id":"https:\/\/www.msbudovatelu.cz\/index.php\/ukonceni-dochazky-v-ms-2\/#breadcrumb"},"inLanguage":"cs","potentialAction":[{"@type":"ReadAction","target":["https:\/\/www.msbudovatelu.cz\/index.php\/ukonceni-dochazky-v-ms-2\/"]}]},{"@type":"BreadcrumbList","@id":"https:\/\/www.msbudovatelu.cz\/index.php\/ukonceni-dochazky-v-ms-2\/#breadcrumb","itemListElement":[{"@type":"ListItem","position":1,"name":"Dom\u016f","item":"https:\/\/www.msbudovatelu.cz\/"},{"@type":"ListItem","position":2,"name":"Ukon\u010den\u00ed doch\u00e1zky v M\u0160"}]}]}},"_links":{"self":[{"href":"https:\/\/www.msbudovatelu.cz\/index.php\/wp-json\/wp\/v2\/pages\/860"}],"collection":[{"href":"https:\/\/www.msbudovatelu.cz\/index.php\/wp-json\/wp\/v2\/pages"}],"about":[{"href":"https:\/\/www.msbudovatelu.cz\/index.php\/wp-json\/wp\/v2\/types\/page"}],"author":[{"embeddable":true,"href":"https:\/\/www.msbudovatelu.cz\/index.php\/wp-json\/wp\/v2\/users\/1"}],"replies":[{"embeddable":true,"href":"https:\/\/www.msbudovatelu.cz\/index.php\/wp-json\/wp\/v2\/comments?post=860"}],"version-history":[{"count":2,"href":"https:\/\/www.msbudovatelu.cz\/index.php\/wp-json\/wp\/v2\/pages\/860\/revisions"}],"predecessor-version":[{"id":864,"href":"https:\/\/www.msbudovatelu.cz\/index.php\/wp-json\/wp\/v2\/pages\/860\/revisions\/864"}],"wp:attachment":[{"href":"https:\/\/www.msbudovatelu.cz\/index.php\/wp-json\/wp\/v2\/media?parent=860"}],"curies":[{"name":"wp","href":"https:\/\/api.w.org\/{rel}","templated":true}]}}