{"id":94,"date":"2021-09-02T21:47:39","date_gmt":"2021-09-02T19:47:39","guid":{"rendered":"https:\/\/www.msbudovatelu.cz\/?page_id=94"},"modified":"2024-08-13T09:19:08","modified_gmt":"2024-08-13T07:19:08","slug":"aktivity","status":"publish","type":"page","link":"https:\/\/www.msbudovatelu.cz\/index.php\/aktivity\/","title":{"rendered":"Aktivity"},"content":{"rendered":"\n<h1>Aktivity<\/h1>\n\n\n\n<p>&#8211; divadeln\u00ed p\u0159edstaven\u00ed a kulturn\u00ed akce,<\/p>\n\n\n\n<p>&#8211; vych\u00e1zky do p\u0159\u00edrody s op\u00e9k\u00e1n\u00edm, hled\u00e1n\u00ed pokladu,<\/p>\n\n\n\n<p>&#8211; slavnosti: Du\u0161i\u010dky, Halloween, Mikul\u00e1\u0161sk\u00e1 nad\u00edlka, v\u00e1no\u010dn\u00ed posezen\u00ed pro rodi\u010de s uk\u00e1zkami v\u00fdchovn\u00e9 pr\u00e1ce, Masopust, Karneval, B\u0159ezen \u2013 m\u011bs\u00edc knihy, p\u0159\u00edprava na velikono\u010dn\u00ed sv\u00e1tky, \u010darod\u011bjnice, Den matek, oslava MDD, Zahradn\u00ed slavnosti,<\/p>\n\n\n\n<p>&#8211; vystoupen\u00ed d\u011bt\u00ed pro rodi\u010de a ve\u0159ejnost \u2013 \u201eV\u00edt\u00e1n\u00ed ob\u010d\u00e1nk\u016f\u201c, \u201eVystupov\u00e1n\u00ed pro seniory\u201c apod.,<\/p>\n\n\n\n<p>&#8211; \u0161koln\u00ed v\u00fdlety<\/p>\n\n\n\n<p>&#8211; p\u0159edplaveck\u00e1 v\u00fdchova (baz\u00e9n v Hlinsku), \u00fa\u010dast ve Sportovn\u00edch hr\u00e1ch Pardubick\u00e9ho kraje<\/p>\n\n\n\n<p>&#8211; bruslen\u00ed a ly\u017eov\u00e1n\u00ed pro z\u00e1jemce<\/p>\n\n\n\n<p>&#8211; pozn\u00e1vac\u00ed vych\u00e1zky (n\u00e1v\u0161t\u011bva knihovny, po\u017e\u00e1rn\u00ed stanice, po\u0161ty, n\u00e1dra\u017e\u00ed, radnice apod.)<\/p>\n\n\n\n<p>&#8211; n\u00e1v\u0161t\u011bva v\u00fdstav<\/p>\n\n\n\n<p>&#8211; po\u0159\u00e1d\u00e1n\u00ed V\u00fdstavy d\u011btsk\u00fdch v\u00fdtvarn\u00fdch prac\u00ed \u2013 baz\u00e9n Hlinsko, Domov senior\u016f, MFC Hlinsko<\/p>\n\n\n\n<p>&#8211; sez\u00f3nn\u00ed sportovn\u00ed akce \u2013 s\u00e1\u0148kov\u00e1n\u00ed, z\u00e1vody na kole<\/p>\n\n\n\n<p>&#8211; \u00fa\u010dast ve v\u00fdtvarn\u00fdch sout\u011b\u017e\u00edch<\/p>\n\n\n\n<p>&#8211; pr\u00e1ce s tablety<\/p>\n\n\n\n<p>&#8211; N\u00e1v\u0161t\u011bva z\u00e1kladn\u00edch \u0161kol a ZU\u0160 Hlinsko<\/p>\n\n\n\n<p>&#8211; Den otev\u0159en\u00fdch dve\u0159\u00ed v M\u0160<\/p>\n\n\n\n<p>&#8211; Zmrzlina v cukr\u00e1rn\u011b<\/p>\n\n\n\n<p>&#8211; Focen\u00ed d\u011bt\u00ed<\/p>\n\n\n\n<p>&#8211; Rozlou\u010den\u00ed se \u0161koln\u00edm rokem a pasov\u00e1n\u00ed p\u0159ed\u0161kol\u00e1k\u016f na \u0161kol\u00e1ky<\/p>\n","protected":false},"excerpt":{"rendered":"<p>Aktivity &#8211; divadeln\u00ed p\u0159edstaven\u00ed a kulturn\u00ed akce, &#8211; vych\u00e1zky do p\u0159\u00edrody s op\u00e9k\u00e1n\u00edm, hled\u00e1n\u00ed pokladu, &#8211; slavnosti: Du\u0161i\u010dky, Halloween, Mikul\u00e1\u0161sk\u00e1 nad\u00edlka, v\u00e1no\u010dn\u00ed posezen\u00ed pro rodi\u010de s uk\u00e1zkami v\u00fdchovn\u00e9 pr\u00e1ce, Masopust, Karneval, B\u0159ezen \u2013 m\u011bs\u00edc knihy, p\u0159\u00edprava na velikono\u010dn\u00ed sv\u00e1tky, \u010darod\u011bjnice, Den matek, oslava MDD, Zahradn\u00ed slavnosti, &#8211; vystoupen\u00ed d\u011bt\u00ed pro rodi\u010de a ve\u0159ejnost \u2013 \u201eV\u00edt\u00e1n\u00ed [&hellip;]<\/p>\n","protected":false},"author":1,"featured_media":0,"parent":0,"menu_order":0,"comment_status":"closed","ping_status":"closed","template":"","meta":[],"yoast_head":"<!-- This site is optimized with the Yoast SEO plugin v19.4 - https:\/\/yoast.com\/wordpress\/plugins\/seo\/ -->\n<title>Aktivity - msbudovatelu.cz<\/title>\n<meta name=\"robots\" content=\"index, follow, max-snippet:-1, max-image-preview:large, max-video-preview:-1\" \/>\n<link rel=\"canonical\" href=\"https:\/\/www.msbudovatelu.cz\/index.php\/aktivity\/\" \/>\n<meta property=\"og:locale\" content=\"cs_CZ\" \/>\n<meta property=\"og:type\" content=\"article\" \/>\n<meta property=\"og:title\" content=\"Aktivity - msbudovatelu.cz\" \/>\n<meta property=\"og:description\" content=\"Aktivity &#8211; divadeln\u00ed p\u0159edstaven\u00ed a kulturn\u00ed akce, &#8211; vych\u00e1zky do p\u0159\u00edrody s op\u00e9k\u00e1n\u00edm, hled\u00e1n\u00ed pokladu, &#8211; slavnosti: Du\u0161i\u010dky, Halloween, Mikul\u00e1\u0161sk\u00e1 nad\u00edlka, v\u00e1no\u010dn\u00ed posezen\u00ed pro rodi\u010de s uk\u00e1zkami v\u00fdchovn\u00e9 pr\u00e1ce, Masopust, Karneval, B\u0159ezen \u2013 m\u011bs\u00edc knihy, p\u0159\u00edprava na velikono\u010dn\u00ed sv\u00e1tky, \u010darod\u011bjnice, Den matek, oslava MDD, Zahradn\u00ed slavnosti, &#8211; vystoupen\u00ed d\u011bt\u00ed pro rodi\u010de a ve\u0159ejnost \u2013 \u201eV\u00edt\u00e1n\u00ed [&hellip;]\" \/>\n<meta property=\"og:url\" content=\"https:\/\/www.msbudovatelu.cz\/index.php\/aktivity\/\" \/>\n<meta property=\"og:site_name\" content=\"msbudovatelu.cz\" \/>\n<meta property=\"article:publisher\" content=\"https:\/\/www.facebook.com\/MS.Budovatelu\" \/>\n<meta property=\"article:modified_time\" content=\"2024-08-13T07:19:08+00:00\" \/>\n<meta property=\"og:image\" content=\"https:\/\/www.msbudovatelu.cz\/wp-content\/uploads\/2021\/08\/logoMSBudovatelu.png\" \/>\n\t<meta property=\"og:image:width\" content=\"940\" \/>\n\t<meta property=\"og:image:height\" content=\"941\" \/>\n\t<meta property=\"og:image:type\" content=\"image\/png\" \/>\n<meta name=\"twitter:card\" content=\"summary_large_image\" \/>\n<meta name=\"twitter:label1\" content=\"Odhadovan\u00e1 doba \u010dten\u00ed\" \/>\n\t<meta name=\"twitter:data1\" content=\"1 minuta\" \/>\n<script type=\"application\/ld+json\" class=\"yoast-schema-graph\">{\"@context\":\"https:\/\/schema.org\",\"@graph\":[{\"@type\":\"Organization\",\"@id\":\"https:\/\/www.msbudovatelu.cz\/#organization\",\"name\":\"Mate\u0159sk\u00e1 \u0161kola Budovatel\u016f Hlinsko\",\"url\":\"https:\/\/www.msbudovatelu.cz\/\",\"sameAs\":[\"https:\/\/www.facebook.com\/MS.Budovatelu\"],\"logo\":{\"@type\":\"ImageObject\",\"inLanguage\":\"cs\",\"@id\":\"https:\/\/www.msbudovatelu.cz\/#\/schema\/logo\/image\/\",\"url\":\"https:\/\/www.msbudovatelu.cz\/wp-content\/uploads\/2021\/08\/logoMSBudovatelu.png\",\"contentUrl\":\"https:\/\/www.msbudovatelu.cz\/wp-content\/uploads\/2021\/08\/logoMSBudovatelu.png\",\"width\":940,\"height\":941,\"caption\":\"Mate\u0159sk\u00e1 \u0161kola Budovatel\u016f Hlinsko\"},\"image\":{\"@id\":\"https:\/\/www.msbudovatelu.cz\/#\/schema\/logo\/image\/\"}},{\"@type\":\"WebSite\",\"@id\":\"https:\/\/www.msbudovatelu.cz\/#website\",\"url\":\"https:\/\/www.msbudovatelu.cz\/\",\"name\":\"msbudovatelu.cz\",\"description\":\"Web mate\u0159sk\u00e9 \u0161koly budovatel\u016f v Hlinsku\",\"publisher\":{\"@id\":\"https:\/\/www.msbudovatelu.cz\/#organization\"},\"potentialAction\":[{\"@type\":\"SearchAction\",\"target\":{\"@type\":\"EntryPoint\",\"urlTemplate\":\"https:\/\/www.msbudovatelu.cz\/?s={search_term_string}\"},\"query-input\":\"required name=search_term_string\"}],\"inLanguage\":\"cs\"},{\"@type\":\"WebPage\",\"@id\":\"https:\/\/www.msbudovatelu.cz\/index.php\/aktivity\/\",\"url\":\"https:\/\/www.msbudovatelu.cz\/index.php\/aktivity\/\",\"name\":\"Aktivity - msbudovatelu.cz\",\"isPartOf\":{\"@id\":\"https:\/\/www.msbudovatelu.cz\/#website\"},\"datePublished\":\"2021-09-02T19:47:39+00:00\",\"dateModified\":\"2024-08-13T07:19:08+00:00\",\"breadcrumb\":{\"@id\":\"https:\/\/www.msbudovatelu.cz\/index.php\/aktivity\/#breadcrumb\"},\"inLanguage\":\"cs\",\"potentialAction\":[{\"@type\":\"ReadAction\",\"target\":[\"https:\/\/www.msbudovatelu.cz\/index.php\/aktivity\/\"]}]},{\"@type\":\"BreadcrumbList\",\"@id\":\"https:\/\/www.msbudovatelu.cz\/index.php\/aktivity\/#breadcrumb\",\"itemListElement\":[{\"@type\":\"ListItem\",\"position\":1,\"name\":\"Dom\u016f\",\"item\":\"https:\/\/www.msbudovatelu.cz\/\"},{\"@type\":\"ListItem\",\"position\":2,\"name\":\"Aktivity\"}]}]}<\/script>\n<!-- \/ Yoast SEO plugin. -->","yoast_head_json":{"title":"Aktivity - msbudovatelu.cz","robots":{"index":"index","follow":"follow","max-snippet":"max-snippet:-1","max-image-preview":"max-image-preview:large","max-video-preview":"max-video-preview:-1"},"canonical":"https:\/\/www.msbudovatelu.cz\/index.php\/aktivity\/","og_locale":"cs_CZ","og_type":"article","og_title":"Aktivity - msbudovatelu.cz","og_description":"Aktivity &#8211; divadeln\u00ed p\u0159edstaven\u00ed a kulturn\u00ed akce, &#8211; vych\u00e1zky do p\u0159\u00edrody s op\u00e9k\u00e1n\u00edm, hled\u00e1n\u00ed pokladu, &#8211; slavnosti: Du\u0161i\u010dky, Halloween, Mikul\u00e1\u0161sk\u00e1 nad\u00edlka, v\u00e1no\u010dn\u00ed posezen\u00ed pro rodi\u010de s uk\u00e1zkami v\u00fdchovn\u00e9 pr\u00e1ce, Masopust, Karneval, B\u0159ezen \u2013 m\u011bs\u00edc knihy, p\u0159\u00edprava na velikono\u010dn\u00ed sv\u00e1tky, \u010darod\u011bjnice, Den matek, oslava MDD, Zahradn\u00ed slavnosti, &#8211; vystoupen\u00ed d\u011bt\u00ed pro rodi\u010de a ve\u0159ejnost \u2013 \u201eV\u00edt\u00e1n\u00ed [&hellip;]","og_url":"https:\/\/www.msbudovatelu.cz\/index.php\/aktivity\/","og_site_name":"msbudovatelu.cz","article_publisher":"https:\/\/www.facebook.com\/MS.Budovatelu","article_modified_time":"2024-08-13T07:19:08+00:00","og_image":[{"width":940,"height":941,"url":"https:\/\/www.msbudovatelu.cz\/wp-content\/uploads\/2021\/08\/logoMSBudovatelu.png","type":"image\/png"}],"twitter_card":"summary_large_image","twitter_misc":{"Odhadovan\u00e1 doba \u010dten\u00ed":"1 minuta"},"schema":{"@context":"https:\/\/schema.org","@graph":[{"@type":"Organization","@id":"https:\/\/www.msbudovatelu.cz\/#organization","name":"Mate\u0159sk\u00e1 \u0161kola Budovatel\u016f Hlinsko","url":"https:\/\/www.msbudovatelu.cz\/","sameAs":["https:\/\/www.facebook.com\/MS.Budovatelu"],"logo":{"@type":"ImageObject","inLanguage":"cs","@id":"https:\/\/www.msbudovatelu.cz\/#\/schema\/logo\/image\/","url":"https:\/\/www.msbudovatelu.cz\/wp-content\/uploads\/2021\/08\/logoMSBudovatelu.png","contentUrl":"https:\/\/www.msbudovatelu.cz\/wp-content\/uploads\/2021\/08\/logoMSBudovatelu.png","width":940,"height":941,"caption":"Mate\u0159sk\u00e1 \u0161kola Budovatel\u016f Hlinsko"},"image":{"@id":"https:\/\/www.msbudovatelu.cz\/#\/schema\/logo\/image\/"}},{"@type":"WebSite","@id":"https:\/\/www.msbudovatelu.cz\/#website","url":"https:\/\/www.msbudovatelu.cz\/","name":"msbudovatelu.cz","description":"Web mate\u0159sk\u00e9 \u0161koly budovatel\u016f v Hlinsku","publisher":{"@id":"https:\/\/www.msbudovatelu.cz\/#organization"},"potentialAction":[{"@type":"SearchAction","target":{"@type":"EntryPoint","urlTemplate":"https:\/\/www.msbudovatelu.cz\/?s={search_term_string}"},"query-input":"required name=search_term_string"}],"inLanguage":"cs"},{"@type":"WebPage","@id":"https:\/\/www.msbudovatelu.cz\/index.php\/aktivity\/","url":"https:\/\/www.msbudovatelu.cz\/index.php\/aktivity\/","name":"Aktivity - msbudovatelu.cz","isPartOf":{"@id":"https:\/\/www.msbudovatelu.cz\/#website"},"datePublished":"2021-09-02T19:47:39+00:00","dateModified":"2024-08-13T07:19:08+00:00","breadcrumb":{"@id":"https:\/\/www.msbudovatelu.cz\/index.php\/aktivity\/#breadcrumb"},"inLanguage":"cs","potentialAction":[{"@type":"ReadAction","target":["https:\/\/www.msbudovatelu.cz\/index.php\/aktivity\/"]}]},{"@type":"BreadcrumbList","@id":"https:\/\/www.msbudovatelu.cz\/index.php\/aktivity\/#breadcrumb","itemListElement":[{"@type":"ListItem","position":1,"name":"Dom\u016f","item":"https:\/\/www.msbudovatelu.cz\/"},{"@type":"ListItem","position":2,"name":"Aktivity"}]}]}},"_links":{"self":[{"href":"https:\/\/www.msbudovatelu.cz\/index.php\/wp-json\/wp\/v2\/pages\/94"}],"collection":[{"href":"https:\/\/www.msbudovatelu.cz\/index.php\/wp-json\/wp\/v2\/pages"}],"about":[{"href":"https:\/\/www.msbudovatelu.cz\/index.php\/wp-json\/wp\/v2\/types\/page"}],"author":[{"embeddable":true,"href":"https:\/\/www.msbudovatelu.cz\/index.php\/wp-json\/wp\/v2\/users\/1"}],"replies":[{"embeddable":true,"href":"https:\/\/www.msbudovatelu.cz\/index.php\/wp-json\/wp\/v2\/comments?post=94"}],"version-history":[{"count":3,"href":"https:\/\/www.msbudovatelu.cz\/index.php\/wp-json\/wp\/v2\/pages\/94\/revisions"}],"predecessor-version":[{"id":803,"href":"https:\/\/www.msbudovatelu.cz\/index.php\/wp-json\/wp\/v2\/pages\/94\/revisions\/803"}],"wp:attachment":[{"href":"https:\/\/www.msbudovatelu.cz\/index.php\/wp-json\/wp\/v2\/media?parent=94"}],"curies":[{"name":"wp","href":"https:\/\/api.w.org\/{rel}","templated":true}]}}