{"id":99,"date":"2021-09-02T22:03:42","date_gmt":"2021-09-02T20:03:42","guid":{"rendered":"https:\/\/www.msbudovatelu.cz\/?page_id=99"},"modified":"2025-10-28T12:36:29","modified_gmt":"2025-10-28T10:36:29","slug":"projekty","status":"publish","type":"page","link":"https:\/\/www.msbudovatelu.cz\/index.php\/projekty\/","title":{"rendered":"Projekty"},"content":{"rendered":"\n<h1>Projekty:<\/h1>\n\n\n\n<hr class=\"wp-block-separator has-text-color has-background has-luminous-vivid-amber-background-color has-luminous-vivid-amber-color is-style-wide\"\/>\n\n\n\n<h2>DIGITALIZUJEME \u0160KOLU<\/h2>\n\n\n\n<div class=\"wp-block-columns\">\n<div class=\"wp-block-column\"><\/div>\n\n\n\n<div class=\"wp-block-column\"><a href=\"https:\/\/www.msbudovatelu.cz\/wp-content\/uploads\/2024\/03\/Digitalizujeme_Skolu.pdf\" class=\"pdfemb-viewer\" style=\"\" data-width=\"max\" data-height=\"max\"  data-toolbar=\"none\" data-toolbar-fixed=\"off\">Digitalizujeme_Skolu<br\/><\/a>\n<p class=\"wp-block-pdfemb-pdf-embedder-viewer\"><\/p>\n<\/div>\n\n\n\n<div class=\"wp-block-column\"><\/div>\n<\/div>\n\n\n\n<hr class=\"wp-block-separator is-style-dots\"\/>\n\n\n\n<h2>OP JAK \u0160ABLONY I<\/h2>\n\n\n\n<div class=\"wp-block-columns\">\n<div class=\"wp-block-column\"><\/div>\n\n\n\n<div class=\"wp-block-column\"><a href=\"https:\/\/www.msbudovatelu.cz\/wp-content\/uploads\/2023\/11\/BudovateluA3-plakat-publicita.pdf\" class=\"pdfemb-viewer\" style=\"\" data-width=\"max\" data-height=\"max\"  data-toolbar=\"none\" data-toolbar-fixed=\"off\">BudovateluA3-plakat-publicita<br\/><\/a>\n<p class=\"wp-block-pdfemb-pdf-embedder-viewer\"><\/p>\n<\/div>\n\n\n\n<div class=\"wp-block-column\"><\/div>\n<\/div>\n\n\n\n<hr class=\"wp-block-separator is-style-dots\"\/>\n\n\n\n<h2>OP JAK \u0160ABLONY II<\/h2>\n\n\n\n<div class=\"wp-block-columns\">\n<div class=\"wp-block-column\"><\/div>\n\n\n\n<div class=\"wp-block-column\"><a href=\"https:\/\/www.msbudovatelu.cz\/wp-content\/uploads\/2025\/10\/OP-JAK-SABLONY-II.pdf\" class=\"pdfemb-viewer\" style=\"\" data-width=\"max\" data-height=\"max\"  data-toolbar=\"none\" data-toolbar-fixed=\"off\">OP-JAK-SABLONY-II<br\/><\/a>\n<p class=\"wp-block-pdfemb-pdf-embedder-viewer\"><\/p>\n<\/div>\n\n\n\n<div class=\"wp-block-column\"><\/div>\n<\/div>\n\n\n\n<hr class=\"wp-block-separator is-style-dots\"\/>\n\n\n\n<h2>M\u0160 Budovatel\u016f Hlinsko &#8211; HERN\u00cd PRVKY<\/h2>\n\n\n\n<p>Mate\u0159sk\u00e1 \u0161kola z\u00edskala dotaci ze St\u00e1tn\u00edho zem\u011bd\u011blsk\u00e9ho interven\u010dn\u00edho fondu EU na hern\u00ed prvky na vybaven\u00ed zahrady M\u0160 v celkov\u00e9 hodnot\u011b 232.799,&#8211; K\u010d. Jedn\u00e1 se o \u0161plhac\u00ed sestavu s dopadovou plochou,&nbsp; houpa\u010dku &#8222;Hn\u00edzdo&#8220;, zahradn\u00ed hern\u00ed prvek &#8222;Pexeso&#8220; a interaktivn\u00ed panel pro n\u00e1cvik motoriky.&nbsp;&nbsp;<\/p>\n\n\n\n<div class=\"wp-block-columns\">\n<div class=\"wp-block-column\"><\/div>\n\n\n\n<div class=\"wp-block-column\"><a href=\"https:\/\/www.msbudovatelu.cz\/wp-content\/uploads\/2023\/11\/publicita-ms-budovatelu.pdf\" class=\"pdfemb-viewer\" style=\"\" data-width=\"max\" data-height=\"max\"  data-toolbar=\"none\" data-toolbar-fixed=\"off\">publicita-ms-budovatelu<br\/><\/a>\n<p class=\"wp-block-pdfemb-pdf-embedder-viewer\"><\/p>\n<\/div>\n\n\n\n<div class=\"wp-block-column\"><\/div>\n<\/div>\n\n\n\n<hr class=\"wp-block-separator is-style-dots\"\/>\n\n\n\n<h2>\u0160ABLONY III.<\/h2>\n\n\n\n<p>C\u00edlem projektu je podpora mate\u0159sk\u00e9 \u0161koly prost\u0159ednictv\u00edm spolupr\u00e1ce s odborn\u00edky z praxe a person\u00e1ln\u00edho pos\u00edlen\u00ed o \u0161koln\u00edho asistenta.<\/p>\n\n\n\n<h2>\u0160ABLONY II.<\/h2>\n\n\n\n<p>C\u00edlem projektu je vzd\u011bl\u00e1v\u00e1n\u00ed pedagogick\u00fdch pracovn\u00edk\u016f, zam\u011bstn\u00e1n\u00ed \u0161koln\u00edho asistenta, po\u0159\u00e1d\u00e1n\u00ed projektov\u00fdch dn\u016f ve \u0161kole i mimo \u0161kolu, a komunitn\u00ed setk\u00e1n\u00ed, a tak\u00e9 vyu\u017eit\u00ed ICT ve vzd\u011bl\u00e1v\u00e1n\u00ed (pr\u00e1ce d\u011bt\u00ed s tablety).<\/p>\n\n\n\n<h2>\u0160ABLONY I.<\/h2>\n\n\n\n<p>V r\u00e1mci projektu byly zvoleny tyto aktivity:<\/p>\n\n\n\n<p>\u00b7 \u0161koln\u00ed asistent<\/p>\n\n\n\n<p>\u00b7 vzd\u011bl\u00e1v\u00e1n\u00ed pedagogick\u00fdch pracovn\u00edk\u016f \u2013 \u010dten\u00e1\u0159sk\u00e1 a matematick\u00e1 pregramotnost, pr\u00e1ce pedagoga s dvoulet\u00fdmi d\u011btmi<\/p>\n\n\n\n<p>\u00b7 setk\u00e1v\u00e1n\u00ed s rodi\u010di<\/p>\n\n\n\n<p>C\u00edlem projektu je podpora d\u011bt\u00ed ohro\u017een\u00fdch \u0161koln\u00edm ne\u00fasp\u011bchem prost\u0159ednictv\u00edm zam\u011bstn\u00e1n\u00ed \u0161koln\u00edho asistenta, vzd\u011bl\u00e1v\u00e1n\u00ed pedagog\u016f a nav\u00e1z\u00e1n\u00ed spolupr\u00e1ce s rodi\u010di.<\/p>\n\n\n\n<p>Projekt je spolufinancov\u00e1n Evropskou uni\u00ed.<\/p>\n\n\n\n<p>V\u00fdzva: 02_16_022 Podpora \u0161kol formou projekt\u016f zjednodu\u0161en\u00e9ho vykazov\u00e1n\u00ed \u2013 \u0160ablony pro M\u0160 a Z\u0160<\/p>\n\n\n\n<p>N\u00e1zev projektu: Podpora Mate\u0159sk\u00e9 \u0161koly, Hlinsko, Budovatel\u016f 1229 formou projektu zjednodu\u0161en\u00e9ho vykazov\u00e1n\u00ed<\/p>\n\n\n\n<p>Registra\u010dn\u00ed \u010d\u00edslo: CZ.02.3.68\/0.0\/0.0\/16_022\/0001938<\/p>\n\n\n\n<p>V\u00fd\u0161e podpory od EU: 479 432 K\u010d<\/p>\n\n\n\n<p>Term\u00edn realizace: 15. 9.2016 \u2013 14. 9. 2018<\/p>\n","protected":false},"excerpt":{"rendered":"<p>Projekty: DIGITALIZUJEME \u0160KOLU OP JAK \u0160ABLONY I OP JAK \u0160ABLONY II M\u0160 Budovatel\u016f Hlinsko &#8211; HERN\u00cd PRVKY Mate\u0159sk\u00e1 \u0161kola z\u00edskala dotaci ze St\u00e1tn\u00edho zem\u011bd\u011blsk\u00e9ho interven\u010dn\u00edho fondu EU na hern\u00ed prvky na vybaven\u00ed zahrady M\u0160 v celkov\u00e9 hodnot\u011b 232.799,&#8211; K\u010d. Jedn\u00e1 se o \u0161plhac\u00ed sestavu s dopadovou plochou,&nbsp; houpa\u010dku &#8222;Hn\u00edzdo&#8220;, zahradn\u00ed hern\u00ed prvek &#8222;Pexeso&#8220; a interaktivn\u00ed [&hellip;]<\/p>\n","protected":false},"author":1,"featured_media":0,"parent":0,"menu_order":0,"comment_status":"closed","ping_status":"closed","template":"","meta":[],"yoast_head":"<!-- This site is optimized with the Yoast SEO plugin v19.4 - https:\/\/yoast.com\/wordpress\/plugins\/seo\/ -->\n<title>Projekty - msbudovatelu.cz<\/title>\n<meta name=\"robots\" content=\"index, follow, max-snippet:-1, max-image-preview:large, max-video-preview:-1\" \/>\n<link rel=\"canonical\" href=\"https:\/\/www.msbudovatelu.cz\/index.php\/projekty\/\" \/>\n<meta property=\"og:locale\" content=\"cs_CZ\" \/>\n<meta property=\"og:type\" content=\"article\" \/>\n<meta property=\"og:title\" content=\"Projekty - msbudovatelu.cz\" \/>\n<meta property=\"og:description\" content=\"Projekty: DIGITALIZUJEME \u0160KOLU OP JAK \u0160ABLONY I OP JAK \u0160ABLONY II M\u0160 Budovatel\u016f Hlinsko &#8211; HERN\u00cd PRVKY Mate\u0159sk\u00e1 \u0161kola z\u00edskala dotaci ze St\u00e1tn\u00edho zem\u011bd\u011blsk\u00e9ho interven\u010dn\u00edho fondu EU na hern\u00ed prvky na vybaven\u00ed zahrady M\u0160 v celkov\u00e9 hodnot\u011b 232.799,&#8211; K\u010d. Jedn\u00e1 se o \u0161plhac\u00ed sestavu s dopadovou plochou,&nbsp; houpa\u010dku &#8222;Hn\u00edzdo&#8220;, zahradn\u00ed hern\u00ed prvek &#8222;Pexeso&#8220; a interaktivn\u00ed [&hellip;]\" \/>\n<meta property=\"og:url\" content=\"https:\/\/www.msbudovatelu.cz\/index.php\/projekty\/\" \/>\n<meta property=\"og:site_name\" content=\"msbudovatelu.cz\" \/>\n<meta property=\"article:publisher\" content=\"https:\/\/www.facebook.com\/MS.Budovatelu\" \/>\n<meta property=\"article:modified_time\" content=\"2025-10-28T10:36:29+00:00\" \/>\n<meta property=\"og:image\" content=\"https:\/\/www.msbudovatelu.cz\/wp-content\/uploads\/2021\/08\/logoMSBudovatelu.png\" \/>\n\t<meta property=\"og:image:width\" content=\"940\" \/>\n\t<meta property=\"og:image:height\" content=\"941\" \/>\n\t<meta property=\"og:image:type\" content=\"image\/png\" \/>\n<meta name=\"twitter:card\" content=\"summary_large_image\" \/>\n<meta name=\"twitter:label1\" content=\"Odhadovan\u00e1 doba \u010dten\u00ed\" \/>\n\t<meta name=\"twitter:data1\" content=\"1 minuta\" \/>\n<script type=\"application\/ld+json\" class=\"yoast-schema-graph\">{\"@context\":\"https:\/\/schema.org\",\"@graph\":[{\"@type\":\"Organization\",\"@id\":\"https:\/\/www.msbudovatelu.cz\/#organization\",\"name\":\"Mate\u0159sk\u00e1 \u0161kola Budovatel\u016f Hlinsko\",\"url\":\"https:\/\/www.msbudovatelu.cz\/\",\"sameAs\":[\"https:\/\/www.facebook.com\/MS.Budovatelu\"],\"logo\":{\"@type\":\"ImageObject\",\"inLanguage\":\"cs\",\"@id\":\"https:\/\/www.msbudovatelu.cz\/#\/schema\/logo\/image\/\",\"url\":\"https:\/\/www.msbudovatelu.cz\/wp-content\/uploads\/2021\/08\/logoMSBudovatelu.png\",\"contentUrl\":\"https:\/\/www.msbudovatelu.cz\/wp-content\/uploads\/2021\/08\/logoMSBudovatelu.png\",\"width\":940,\"height\":941,\"caption\":\"Mate\u0159sk\u00e1 \u0161kola Budovatel\u016f Hlinsko\"},\"image\":{\"@id\":\"https:\/\/www.msbudovatelu.cz\/#\/schema\/logo\/image\/\"}},{\"@type\":\"WebSite\",\"@id\":\"https:\/\/www.msbudovatelu.cz\/#website\",\"url\":\"https:\/\/www.msbudovatelu.cz\/\",\"name\":\"msbudovatelu.cz\",\"description\":\"Web mate\u0159sk\u00e9 \u0161koly budovatel\u016f v Hlinsku\",\"publisher\":{\"@id\":\"https:\/\/www.msbudovatelu.cz\/#organization\"},\"potentialAction\":[{\"@type\":\"SearchAction\",\"target\":{\"@type\":\"EntryPoint\",\"urlTemplate\":\"https:\/\/www.msbudovatelu.cz\/?s={search_term_string}\"},\"query-input\":\"required name=search_term_string\"}],\"inLanguage\":\"cs\"},{\"@type\":\"WebPage\",\"@id\":\"https:\/\/www.msbudovatelu.cz\/index.php\/projekty\/\",\"url\":\"https:\/\/www.msbudovatelu.cz\/index.php\/projekty\/\",\"name\":\"Projekty - msbudovatelu.cz\",\"isPartOf\":{\"@id\":\"https:\/\/www.msbudovatelu.cz\/#website\"},\"datePublished\":\"2021-09-02T20:03:42+00:00\",\"dateModified\":\"2025-10-28T10:36:29+00:00\",\"breadcrumb\":{\"@id\":\"https:\/\/www.msbudovatelu.cz\/index.php\/projekty\/#breadcrumb\"},\"inLanguage\":\"cs\",\"potentialAction\":[{\"@type\":\"ReadAction\",\"target\":[\"https:\/\/www.msbudovatelu.cz\/index.php\/projekty\/\"]}]},{\"@type\":\"BreadcrumbList\",\"@id\":\"https:\/\/www.msbudovatelu.cz\/index.php\/projekty\/#breadcrumb\",\"itemListElement\":[{\"@type\":\"ListItem\",\"position\":1,\"name\":\"Dom\u016f\",\"item\":\"https:\/\/www.msbudovatelu.cz\/\"},{\"@type\":\"ListItem\",\"position\":2,\"name\":\"Projekty\"}]}]}<\/script>\n<!-- \/ Yoast SEO plugin. -->","yoast_head_json":{"title":"Projekty - msbudovatelu.cz","robots":{"index":"index","follow":"follow","max-snippet":"max-snippet:-1","max-image-preview":"max-image-preview:large","max-video-preview":"max-video-preview:-1"},"canonical":"https:\/\/www.msbudovatelu.cz\/index.php\/projekty\/","og_locale":"cs_CZ","og_type":"article","og_title":"Projekty - msbudovatelu.cz","og_description":"Projekty: DIGITALIZUJEME \u0160KOLU OP JAK \u0160ABLONY I OP JAK \u0160ABLONY II M\u0160 Budovatel\u016f Hlinsko &#8211; HERN\u00cd PRVKY Mate\u0159sk\u00e1 \u0161kola z\u00edskala dotaci ze St\u00e1tn\u00edho zem\u011bd\u011blsk\u00e9ho interven\u010dn\u00edho fondu EU na hern\u00ed prvky na vybaven\u00ed zahrady M\u0160 v celkov\u00e9 hodnot\u011b 232.799,&#8211; K\u010d. Jedn\u00e1 se o \u0161plhac\u00ed sestavu s dopadovou plochou,&nbsp; houpa\u010dku &#8222;Hn\u00edzdo&#8220;, zahradn\u00ed hern\u00ed prvek &#8222;Pexeso&#8220; a interaktivn\u00ed [&hellip;]","og_url":"https:\/\/www.msbudovatelu.cz\/index.php\/projekty\/","og_site_name":"msbudovatelu.cz","article_publisher":"https:\/\/www.facebook.com\/MS.Budovatelu","article_modified_time":"2025-10-28T10:36:29+00:00","og_image":[{"width":940,"height":941,"url":"https:\/\/www.msbudovatelu.cz\/wp-content\/uploads\/2021\/08\/logoMSBudovatelu.png","type":"image\/png"}],"twitter_card":"summary_large_image","twitter_misc":{"Odhadovan\u00e1 doba \u010dten\u00ed":"1 minuta"},"schema":{"@context":"https:\/\/schema.org","@graph":[{"@type":"Organization","@id":"https:\/\/www.msbudovatelu.cz\/#organization","name":"Mate\u0159sk\u00e1 \u0161kola Budovatel\u016f Hlinsko","url":"https:\/\/www.msbudovatelu.cz\/","sameAs":["https:\/\/www.facebook.com\/MS.Budovatelu"],"logo":{"@type":"ImageObject","inLanguage":"cs","@id":"https:\/\/www.msbudovatelu.cz\/#\/schema\/logo\/image\/","url":"https:\/\/www.msbudovatelu.cz\/wp-content\/uploads\/2021\/08\/logoMSBudovatelu.png","contentUrl":"https:\/\/www.msbudovatelu.cz\/wp-content\/uploads\/2021\/08\/logoMSBudovatelu.png","width":940,"height":941,"caption":"Mate\u0159sk\u00e1 \u0161kola Budovatel\u016f Hlinsko"},"image":{"@id":"https:\/\/www.msbudovatelu.cz\/#\/schema\/logo\/image\/"}},{"@type":"WebSite","@id":"https:\/\/www.msbudovatelu.cz\/#website","url":"https:\/\/www.msbudovatelu.cz\/","name":"msbudovatelu.cz","description":"Web mate\u0159sk\u00e9 \u0161koly budovatel\u016f v Hlinsku","publisher":{"@id":"https:\/\/www.msbudovatelu.cz\/#organization"},"potentialAction":[{"@type":"SearchAction","target":{"@type":"EntryPoint","urlTemplate":"https:\/\/www.msbudovatelu.cz\/?s={search_term_string}"},"query-input":"required name=search_term_string"}],"inLanguage":"cs"},{"@type":"WebPage","@id":"https:\/\/www.msbudovatelu.cz\/index.php\/projekty\/","url":"https:\/\/www.msbudovatelu.cz\/index.php\/projekty\/","name":"Projekty - msbudovatelu.cz","isPartOf":{"@id":"https:\/\/www.msbudovatelu.cz\/#website"},"datePublished":"2021-09-02T20:03:42+00:00","dateModified":"2025-10-28T10:36:29+00:00","breadcrumb":{"@id":"https:\/\/www.msbudovatelu.cz\/index.php\/projekty\/#breadcrumb"},"inLanguage":"cs","potentialAction":[{"@type":"ReadAction","target":["https:\/\/www.msbudovatelu.cz\/index.php\/projekty\/"]}]},{"@type":"BreadcrumbList","@id":"https:\/\/www.msbudovatelu.cz\/index.php\/projekty\/#breadcrumb","itemListElement":[{"@type":"ListItem","position":1,"name":"Dom\u016f","item":"https:\/\/www.msbudovatelu.cz\/"},{"@type":"ListItem","position":2,"name":"Projekty"}]}]}},"_links":{"self":[{"href":"https:\/\/www.msbudovatelu.cz\/index.php\/wp-json\/wp\/v2\/pages\/99"}],"collection":[{"href":"https:\/\/www.msbudovatelu.cz\/index.php\/wp-json\/wp\/v2\/pages"}],"about":[{"href":"https:\/\/www.msbudovatelu.cz\/index.php\/wp-json\/wp\/v2\/types\/page"}],"author":[{"embeddable":true,"href":"https:\/\/www.msbudovatelu.cz\/index.php\/wp-json\/wp\/v2\/users\/1"}],"replies":[{"embeddable":true,"href":"https:\/\/www.msbudovatelu.cz\/index.php\/wp-json\/wp\/v2\/comments?post=99"}],"version-history":[{"count":10,"href":"https:\/\/www.msbudovatelu.cz\/index.php\/wp-json\/wp\/v2\/pages\/99\/revisions"}],"predecessor-version":[{"id":1123,"href":"https:\/\/www.msbudovatelu.cz\/index.php\/wp-json\/wp\/v2\/pages\/99\/revisions\/1123"}],"wp:attachment":[{"href":"https:\/\/www.msbudovatelu.cz\/index.php\/wp-json\/wp\/v2\/media?parent=99"}],"curies":[{"name":"wp","href":"https:\/\/api.w.org\/{rel}","templated":true}]}}